{"id":4213,"date":"2025-04-29T11:45:54","date_gmt":"2025-04-29T11:45:54","guid":{"rendered":"https:\/\/campingelmadronal.com\/?page_id=4213"},"modified":"2025-04-30T08:13:44","modified_gmt":"2025-04-30T08:13:44","slug":"regles-pour-votre-sejour","status":"publish","type":"page","link":"https:\/\/campingelmadronal.com\/fr\/regles-pour-votre-sejour\/","title":{"rendered":"R\u00e8gles pour votre s\u00e9jour"},"content":{"rendered":"\t\t<div data-elementor-type=\"wp-page\" data-elementor-id=\"4213\" class=\"elementor elementor-4213\" data-elementor-post-type=\"page\">\n\t\t\t\t<div class=\"elementor-element elementor-element-3b7cb0d8 e-flex e-con-boxed e-con e-parent\" data-id=\"3b7cb0d8\" data-element_type=\"container\" id=\"reglessejour\">\n\t\t\t\t\t<div class=\"e-con-inner\">\n\t\t\t\t<div class=\"elementor-element elementor-element-491df4c6 elementor-widget elementor-widget-text-editor\" data-id=\"491df4c6\" data-element_type=\"widget\" data-widget_type=\"text-editor.default\">\n\t\t\t\t<div class=\"elementor-widget-container\">\n\t\t\t\t\t\t\t\t\tAfin de garantir une exp\u00e9rience confortable et respectueuse de l&rsquo;environnement, nous vous remercions de respecter les r\u00e8gles suivantes pendant votre s\u00e9jour dans la yourte.\n<br><br>\n<b>1.<\/b> Caution et responsabilit\u00e9\n<ul>\n \t<li>Une caution de 100 \u20ac est demand\u00e9e, qui peut \u00eatre pay\u00e9e en esp\u00e8ces, par carte de cr\u00e9ditou par virement bancaire.<\/li>\n \t<li>Elle sera restitu\u00e9e apr\u00e8s v\u00e9rification de l&rsquo;\u00e9tat de la yourte. En cas de paiement par virement bancaire, le remboursement peut prendre quelques jours.<\/li>\n \t<li>Si la yourte est excessivement sale ou endommag\u00e9e, le montant correspondant sera d\u00e9duit de la caution. Si la r\u00e9paration d\u00e9passe le montant de la caution, un suppl\u00e9ment sera appliqu\u00e9.<\/li>\n<\/ul>\n<b>2.<\/b> Utilisation de la yourte\n<ul>\n \t<li>Pas de chaussures \u00e0 l&rsquo;int\u00e9rieur : afin de pr\u00e9server le plancher en bois et de maintenir la yourte en parfait \u00e9tat, nous vous demandons de ne pas entrer dans la yourte avec deschaussures. Dans le porche, vous trouverez un meuble o\u00f9 vous pourrez les laisser.<\/li>\n \t<li>Attention au tissu int\u00e9rieur : la yourte est recouverte de tissu, nous vous demandons donc d&rsquo;\u00e9viter de le salir ou de l&rsquo;ab\u00eemer.<\/li>\n<\/ul>\n<b>3.<\/b> Nettoyage et ramassage\n<ul>\n \t<li>A la fin du s\u00e9jour, les h\u00f4tes doivent nettoyer et laisser la yourte en ordre.<\/li>\n \t<li>Le nettoyage final est effectu\u00e9 par nos nettoyeurs professionnels, mais si la yourte est\nlaiss\u00e9e dans un \u00e9tat de salet\u00e9 excessif, un suppl\u00e9ment peut \u00eatre d\u00e9duit de la caution.<\/li>\n<\/ul>\n<b>4.<\/b> Cuisine et nourriture\n<ul>\n \t<li>Il est interdit de faire cuire des aliments frits ou de faire un barbecue \u00e0 l&rsquo;int\u00e9rieur de la\nyourte afin d&rsquo;\u00e9viter les odeurs persistantes et les risques inutiles.<\/li>\n<\/ul>\n<b>5.<\/b> Animaux de compagnie\n<ul>\n \t<li>Les animaux domestiques ne sont pas autoris\u00e9s dans les yourtes.<\/li>\n<\/ul>\n<b>6.<\/b> Coexistence et respect\n<ul>\n \t<li>Il est interdit de fumer \u00e0 l&rsquo;int\u00e9rieur de la yourte pour des raisons de s\u00e9curit\u00e9 et de\npropret\u00e9.<\/li>\n \t<li>Il est interdit d&rsquo;\u00e9couter de la musique, la t\u00e9l\u00e9vision ou la radio \u00e0 un volume sonore \u00e9lev\u00e9 susceptible de d\u00e9ranger les autres h\u00f4tes ou de troubler la tranquillit\u00e9 des lieux.<\/li>\n \t<li>Il est interdit d&rsquo;organiser des f\u00eates dans la yourte.<\/li>\n<\/ul>\n<b>7.<\/b> Utilisation responsable de la climatisation\n<ul>\n \t<li>Il est recommand\u00e9 d&rsquo;utiliser l&rsquo;air conditionn\u00e9 de mani\u00e8re responsable pour le bien de\nl&rsquo;environnement.<\/li>\n \t<li>Ne la mettez pas en marche lorsque les fen\u00eatres sont ouvertes et ne la laissez pas\nfonctionner lorsque vous n&rsquo;\u00eates pas dans la yourte.<\/li>\n<\/ul>\n<b>8.<\/b> D\u00e9g\u00e2ts et casse\n<ul>\n \t<li>Si quelque chose est cass\u00e9 ou endommag\u00e9, le co\u00fbt sera d\u00e9duit de la caution. Si la\nr\u00e9paration d\u00e9passe le montant de la caution, le client devra payer la diff\u00e9rence.<\/li>\n<\/ul>\nNous appr\u00e9cions votre compr\u00e9hension et votre coop\u00e9ration pour garder nos yourtes dans\nles meilleures conditions et profiter d&rsquo;un s\u00e9jour unique en pleine nature.\t\t\t\t\t\t\t\t<\/div>\n\t\t\t\t<\/div>\n\t\t\t\t\t<\/div>\n\t\t\t\t<\/div>\n\t\t\t\t<\/div>\n\t\t","protected":false},"excerpt":{"rendered":"<p>Afin de garantir une exp\u00e9rience confortable et respectueuse de l&rsquo;environnement, nous vous remercions de respecter les r\u00e8gles suivantes pendant votre s\u00e9jour dans la yourte. 1. Caution et responsabilit\u00e9 Une caution de 100 \u20ac est demand\u00e9e, qui peut \u00eatre pay\u00e9e en esp\u00e8ces, par carte de cr\u00e9ditou par virement bancaire. Elle sera restitu\u00e9e apr\u00e8s v\u00e9rification de l&rsquo;\u00e9tat&#8230;<\/p>\n","protected":false},"author":1,"featured_media":0,"parent":0,"menu_order":0,"comment_status":"closed","ping_status":"closed","template":"","meta":{"_kad_post_transparent":"","_kad_post_title":"","_kad_post_layout":"","_kad_post_sidebar_id":"","_kad_post_content_style":"","_kad_post_vertical_padding":"","_kad_post_feature":"","_kad_post_feature_position":"","_kad_post_header":false,"_kad_post_footer":false,"_joinchat":[],"footnotes":""},"class_list":["post-4213","page","type-page","status-publish","hentry"],"_links":{"self":[{"href":"https:\/\/campingelmadronal.com\/fr\/wp-json\/wp\/v2\/pages\/4213","targetHints":{"allow":["GET"]}}],"collection":[{"href":"https:\/\/campingelmadronal.com\/fr\/wp-json\/wp\/v2\/pages"}],"about":[{"href":"https:\/\/campingelmadronal.com\/fr\/wp-json\/wp\/v2\/types\/page"}],"author":[{"embeddable":true,"href":"https:\/\/campingelmadronal.com\/fr\/wp-json\/wp\/v2\/users\/1"}],"replies":[{"embeddable":true,"href":"https:\/\/campingelmadronal.com\/fr\/wp-json\/wp\/v2\/comments?post=4213"}],"version-history":[{"count":13,"href":"https:\/\/campingelmadronal.com\/fr\/wp-json\/wp\/v2\/pages\/4213\/revisions"}],"predecessor-version":[{"id":4268,"href":"https:\/\/campingelmadronal.com\/fr\/wp-json\/wp\/v2\/pages\/4213\/revisions\/4268"}],"wp:attachment":[{"href":"https:\/\/campingelmadronal.com\/fr\/wp-json\/wp\/v2\/media?parent=4213"}],"curies":[{"name":"wp","href":"https:\/\/api.w.org\/{rel}","templated":true}]}}