{"id":3059,"date":"2023-12-13T16:26:22","date_gmt":"2023-12-13T16:26:22","guid":{"rendered":"https:\/\/campingelmadronal.com\/de-fuenteheridos-a-los-marines\/"},"modified":"2024-06-19T07:55:19","modified_gmt":"2024-06-19T07:55:19","slug":"de-fuenteheridos-a-los-marines","status":"publish","type":"page","link":"https:\/\/campingelmadronal.com\/fr\/de-fuenteheridos-a-los-marines\/","title":{"rendered":"De Fuenteheridos \u00e0 Los Marines"},"content":{"rendered":"\t\t<div data-elementor-type=\"wp-page\" data-elementor-id=\"3059\" class=\"elementor elementor-3059 elementor-1113\" data-elementor-post-type=\"page\">\n\t\t\t\t<div class=\"elementor-element elementor-element-314907e7 e-flex e-con-boxed e-con e-parent\" data-id=\"314907e7\" data-element_type=\"container\">\n\t\t\t\t\t<div class=\"e-con-inner\">\n\t\t\t\t\t<\/div>\n\t\t\t\t<\/div>\n\t\t<div class=\"elementor-element elementor-element-138338b9 e-flex e-con-boxed e-con e-parent\" data-id=\"138338b9\" data-element_type=\"container\">\n\t\t\t\t\t<div class=\"e-con-inner\">\n\t\t\t\t<div class=\"elementor-element elementor-element-575b641c txt-instalaciones elementor-widget elementor-widget-text-editor\" data-id=\"575b641c\" data-element_type=\"widget\" data-widget_type=\"text-editor.default\">\n\t\t\t\t<div class=\"elementor-widget-container\">\n\t\t\t\t\t\t\t\t\t<p>Nous partons de la Plaza del Coso. Nous prenons la rue qui commence derri\u00e8re la Fontaine des Douze Becques, une rue pav\u00e9e qui nous m\u00e8ne au terrain de football, que nous contournons par la gauche, en descendant une petite pente qui nous conduit \u00e0 un cours d&rsquo;eau, qui est g\u00e9n\u00e9ralement sec, et o\u00f9 il y a deux ch\u00eanes-li\u00e8ges de taille consid\u00e9rable sur la droite du chemin (1).<\/p><p>En continuant sur ce m\u00eame chemin, nous trouvons de nombreuses esp\u00e8ces v\u00e9g\u00e9tales, telles que les arbousiers, les cistes de diff\u00e9rents genres, les ajoncs, les ch\u00eanes tauzins, et au-del\u00e0 de la cl\u00f4ture, des ch\u00eanes-li\u00e8ges et des ch\u00e2taigniers, jusqu&rsquo;\u00e0 ce que nous atteignions la route nationale S\u00e9ville-Portugal. Nous traversons la route et continuons tout droit, en descendant, jusqu&rsquo;\u00e0 arriver au panneau de signalisation des sentiers de la Junta de Andaluc\u00eda, o\u00f9 il y a un carrefour, que nous prendrons tout droit, entre des cl\u00f4tures en pierre.<\/p><p>Notre chemin continue entre des cl\u00f4tures avec quelques maisons, atteignant un carrefour (2) o\u00f9 nous prendrons le chemin de gauche, nous continuons et un peu plus loin, apr\u00e8s avoir pris un virage de pr\u00e8s de 90\u00ba, nous arriverons dans la zone appel\u00e9e Valdelama, une vall\u00e9e avec un sol riche o\u00f9 se trouvent de nombreuses petites exploitations agricoles consacr\u00e9es \u00e0 l&rsquo;agriculture de subsistance et \u00e0 l&rsquo;\u00e9levage extensif de porcs et de moutons principalement. Dans cette zone, il y a quelques portes et carrefours, mais nous n&rsquo;en prendrons jamais aucun et la direction \u00e0 suivre restera toujours tout droit.<\/p><p>Le sentier se bifurque, nous prenons \u00e0 droite (3), en outre, le chemin que nous devons prendre est signal\u00e9 par un panneau directionnel en bois qui nous indiquera la direction \u00e0 suivre, le chemin commence \u00e0 se r\u00e9tr\u00e9cir. Nous continuons \u00e0 voir la vall\u00e9e, avec ses utilisations traditionnelles, \u00e0 gauche et les ch\u00e2taigniers \u00e0 droite d&rsquo;abord, puis les arbres fruitiers, jusqu&rsquo;\u00e0 ce que nous atteignions le ruisseau Agua Rubia que nous traverserons sur des pierres, cela signifie qu&rsquo;apr\u00e8s des jours de fortes pluies, il peut \u00eatre difficile de le traverser.<\/p><p>Apr\u00e8s avoir travers\u00e9 la rivi\u00e8re, il y a une petite pente, \u00e0 la fin de laquelle il y a un carrefour, que nous continuons tout droit et plus loin nous arriverons \u00e0 un autre panneau en bois comme le pr\u00e9c\u00e9dent, qui nous indiquera la direction \u00e0 suivre. Nous commen\u00e7ons maintenant une mont\u00e9e qui, bien que pas tr\u00e8s longue, est un peu raide. Dans cette mont\u00e9e, nous marchons entre deux cl\u00f4tures, mais en raison des broussailles, comme les ronces, les gen\u00eats, les cistes, les bruy\u00e8res, les ch\u00eanes-li\u00e8ges et une tapisserie de ch\u00eanes rouvres, nous ne pouvons pas les voir.<\/p><p>Nous atteignons le col (4), qui nous offre une vue magnifique sur la vall\u00e9e, ainsi que sur Fuenteheridos au loin, derri\u00e8re nous, nous aurons \u00e9galement d\u00e9j\u00e0 remarqu\u00e9 le banc, que nous utiliserons s\u00fbrement. De cette zone, nous pouvons apercevoir quelques rapaces, dont le vol nous indique qu&rsquo;ils cherchent de la nourriture.<\/p><p>Depuis le col, le chemin charretier, qui redevient large, passe maintenant principalement entre des pins, avec quelques ch\u00e2taigniers et ch\u00eanes-li\u00e8ges, qui seront plus tard les esp\u00e8ces pr\u00e9dominantes, passant entre de petites sections de mont\u00e9es et descentes et toujours sans cl\u00f4tures. Ensuite, nous commen\u00e7ons \u00e0 grimper une petite mais raide pente, o\u00f9 \u00e0 la fin de celle-ci, nous trouverons des pierres tr\u00e8s caract\u00e9ristiques (5), atteignant le dernier tron\u00e7on du parcours qui passe maintenant entre des murs de pierre, que nous ne quitterons plus jusqu&rsquo;\u00e0 Los Marines.<\/p><p>Dans cette zone o\u00f9 nous marchons, nous verrons de nombreux ch\u00eanes-li\u00e8ges, dont le li\u00e8ge est extrait, une autre des utilisations foresti\u00e8res que nous offre la nature. Nous entrerons dans Los Marines par le Barrio Alto, par \u00ab la ruelle \u00bb, qui si nous continuons \u00e0 la descendre nous m\u00e8nera d&rsquo;abord \u00e0 une fontaine, \u00ab La Fuentecilla \u00bb, puis \u00e0 l&rsquo;\u00e9glise de Mar\u00eda de Gracia et \u00e0 la Plaza de Carlos III, o\u00f9 il y a une autre fontaine, ainsi que la mairie de la localit\u00e9. Les num\u00e9ros entre parenth\u00e8ses sont indiqu\u00e9s sur la carte.<\/p><p>Remarque :<\/p><p>Informations obtenues aupr\u00e8s de l&rsquo;\u00ab Association Quercus, \u00e9ducation et sport \u00bb.<\/p>\t\t\t\t\t\t\t\t<\/div>\n\t\t\t\t<\/div>\n\t\t\t\t\t<\/div>\n\t\t\t\t<\/div>\n\t\t\t\t<\/div>\n\t\t","protected":false},"excerpt":{"rendered":"<p>Nous partons de la Plaza del Coso. Nous prenons la rue qui commence derri\u00e8re la Fontaine des Douze Becques, une rue pav\u00e9e qui nous m\u00e8ne au terrain de football, que nous contournons par la gauche, en descendant une petite pente qui nous conduit \u00e0 un cours d&rsquo;eau, qui est g\u00e9n\u00e9ralement sec, et o\u00f9 il y&#8230;<\/p>\n","protected":false},"author":1,"featured_media":2708,"parent":0,"menu_order":0,"comment_status":"closed","ping_status":"closed","template":"","meta":{"_kad_post_transparent":"","_kad_post_title":"default","_kad_post_layout":"default","_kad_post_sidebar_id":"","_kad_post_content_style":"unboxed","_kad_post_vertical_padding":"hide","_kad_post_feature":"default","_kad_post_feature_position":"","_kad_post_header":false,"_kad_post_footer":false,"_joinchat":[],"footnotes":""},"class_list":["post-3059","page","type-page","status-publish","has-post-thumbnail","hentry"],"_links":{"self":[{"href":"https:\/\/campingelmadronal.com\/fr\/wp-json\/wp\/v2\/pages\/3059","targetHints":{"allow":["GET"]}}],"collection":[{"href":"https:\/\/campingelmadronal.com\/fr\/wp-json\/wp\/v2\/pages"}],"about":[{"href":"https:\/\/campingelmadronal.com\/fr\/wp-json\/wp\/v2\/types\/page"}],"author":[{"embeddable":true,"href":"https:\/\/campingelmadronal.com\/fr\/wp-json\/wp\/v2\/users\/1"}],"replies":[{"embeddable":true,"href":"https:\/\/campingelmadronal.com\/fr\/wp-json\/wp\/v2\/comments?post=3059"}],"version-history":[{"count":4,"href":"https:\/\/campingelmadronal.com\/fr\/wp-json\/wp\/v2\/pages\/3059\/revisions"}],"predecessor-version":[{"id":3063,"href":"https:\/\/campingelmadronal.com\/fr\/wp-json\/wp\/v2\/pages\/3059\/revisions\/3063"}],"wp:featuredmedia":[{"embeddable":true,"href":"https:\/\/campingelmadronal.com\/fr\/wp-json\/wp\/v2\/media\/2708"}],"wp:attachment":[{"href":"https:\/\/campingelmadronal.com\/fr\/wp-json\/wp\/v2\/media?parent=3059"}],"curies":[{"name":"wp","href":"https:\/\/api.w.org\/{rel}","templated":true}]}}