{"id":3012,"date":"2023-12-13T17:02:47","date_gmt":"2023-12-13T17:02:47","guid":{"rendered":"https:\/\/campingelmadronal.com\/el-pueblo\/"},"modified":"2024-06-19T07:55:47","modified_gmt":"2024-06-19T07:55:47","slug":"le-village","status":"publish","type":"page","link":"https:\/\/campingelmadronal.com\/fr\/le-village\/","title":{"rendered":"Le Village"},"content":{"rendered":"\t\t<div data-elementor-type=\"wp-page\" data-elementor-id=\"3012\" class=\"elementor elementor-3012 elementor-1175\" data-elementor-post-type=\"page\">\n\t\t\t\t<div class=\"elementor-element elementor-element-cc12850 e-flex e-con-boxed e-con e-parent\" data-id=\"cc12850\" data-element_type=\"container\">\n\t\t\t\t\t<div class=\"e-con-inner\">\n\t\t\t\t<div class=\"elementor-element elementor-element-0113bb3 h4Dest elementor-widget elementor-widget-text-editor\" data-id=\"0113bb3\" data-element_type=\"widget\" data-widget_type=\"text-editor.default\">\n\t\t\t\t<div class=\"elementor-widget-container\">\n\t\t\t\t\t\t\t\t\t<h3 class=\"text-dest\"><strong>FUENTEHERIDOS A \u00c9T\u00c9 RECONNU COMME UN \u00ab\u00a0COMPLEXE MONTAGNARD D&rsquo;INT\u00c9R\u00caT ENVIRONNEMENTAL\u00a0\u00bb<\/strong><\/h3><p>Il est situ\u00e9 dans le Parc Naturel \u00ab\u00a0Sierra de Aracena y Picos de Aroche\u00a0\u00bb. Ce parc est situ\u00e9 dans la partie nord de la province de Huelva, couvrant 186 000 hectares r\u00e9partis sur 28 municipalit\u00e9s diff\u00e9rentes, dont Fuenteheridos, ce qui en fait le deuxi\u00e8me plus grand parc d&rsquo;Andalousie.<\/p><p>Fuenteheridos a \u00e9t\u00e9 d\u00e9clar\u00e9 Site Historique-Artistique en 1982. Il compte une population de 559 habitants. Situ\u00e9 au c\u0153ur vert de la Sierra, il est consid\u00e9r\u00e9 comme la Source de la Sierra.<\/p><p>L&rsquo;agencement urbain de cette ville refl\u00e8te fid\u00e8lement le charme distinctif des villages de la Sierra. Ses rues \u00e9troites, pav\u00e9es et m\u00e9ticuleusement entretenues, ainsi que les pittoresques maisons de style traditionnel, cr\u00e9ent un paysage urbain harmonieux et accueillant, reconnu comme patrimoine culturel. Parmi ses monuments, on trouve l&rsquo;\u00c9glise du Saint-Esprit et la Plaza del Coso, o\u00f9 se trouve la c\u00e9l\u00e8bre Fontaine des Douze Canons.\u00a0<\/p>\t\t\t\t\t\t\t\t<\/div>\n\t\t\t\t<\/div>\n\t\t\t\t\t<\/div>\n\t\t\t\t<\/div>\n\t\t\t\t<\/div>\n\t\t","protected":false},"excerpt":{"rendered":"<p>FUENTEHERIDOS A \u00c9T\u00c9 RECONNU COMME UN \u00ab\u00a0COMPLEXE MONTAGNARD D&rsquo;INT\u00c9R\u00caT ENVIRONNEMENTAL\u00a0\u00bb Il est situ\u00e9 dans le Parc Naturel \u00ab\u00a0Sierra de Aracena y Picos de Aroche\u00a0\u00bb. Ce parc est situ\u00e9 dans la partie nord de la province de Huelva, couvrant 186 000 hectares r\u00e9partis sur 28 municipalit\u00e9s diff\u00e9rentes, dont Fuenteheridos, ce qui en fait le deuxi\u00e8me plus&#8230;<\/p>\n","protected":false},"author":1,"featured_media":2706,"parent":0,"menu_order":0,"comment_status":"closed","ping_status":"closed","template":"","meta":{"_kad_post_transparent":"","_kad_post_title":"default","_kad_post_layout":"default","_kad_post_sidebar_id":"","_kad_post_content_style":"unboxed","_kad_post_vertical_padding":"hide","_kad_post_feature":"default","_kad_post_feature_position":"","_kad_post_header":false,"_kad_post_footer":false,"_joinchat":[],"footnotes":""},"class_list":["post-3012","page","type-page","status-publish","has-post-thumbnail","hentry"],"_links":{"self":[{"href":"https:\/\/campingelmadronal.com\/fr\/wp-json\/wp\/v2\/pages\/3012","targetHints":{"allow":["GET"]}}],"collection":[{"href":"https:\/\/campingelmadronal.com\/fr\/wp-json\/wp\/v2\/pages"}],"about":[{"href":"https:\/\/campingelmadronal.com\/fr\/wp-json\/wp\/v2\/types\/page"}],"author":[{"embeddable":true,"href":"https:\/\/campingelmadronal.com\/fr\/wp-json\/wp\/v2\/users\/1"}],"replies":[{"embeddable":true,"href":"https:\/\/campingelmadronal.com\/fr\/wp-json\/wp\/v2\/comments?post=3012"}],"version-history":[{"count":7,"href":"https:\/\/campingelmadronal.com\/fr\/wp-json\/wp\/v2\/pages\/3012\/revisions"}],"predecessor-version":[{"id":3041,"href":"https:\/\/campingelmadronal.com\/fr\/wp-json\/wp\/v2\/pages\/3012\/revisions\/3041"}],"wp:featuredmedia":[{"embeddable":true,"href":"https:\/\/campingelmadronal.com\/fr\/wp-json\/wp\/v2\/media\/2706"}],"wp:attachment":[{"href":"https:\/\/campingelmadronal.com\/fr\/wp-json\/wp\/v2\/media?parent=3012"}],"curies":[{"name":"wp","href":"https:\/\/api.w.org\/{rel}","templated":true}]}}