{"id":3004,"date":"2023-12-13T16:06:12","date_gmt":"2023-12-13T16:06:12","guid":{"rendered":"https:\/\/campingelmadronal.com\/senderos\/"},"modified":"2025-03-12T17:44:02","modified_gmt":"2025-03-12T17:44:02","slug":"the-trails","status":"publish","type":"page","link":"https:\/\/campingelmadronal.com\/fr\/the-trails\/","title":{"rendered":"Sentiers"},"content":{"rendered":"\t\t<div data-elementor-type=\"wp-page\" data-elementor-id=\"3004\" class=\"elementor elementor-3004 elementor-1088\" data-elementor-post-type=\"page\">\n\t\t\t\t<div class=\"elementor-element elementor-element-01afa60 e-flex e-con-boxed e-con e-parent\" data-id=\"01afa60\" data-element_type=\"container\">\n\t\t\t\t\t<div class=\"e-con-inner\">\n\t\t\t\t<div class=\"elementor-element elementor-element-b00b26e elementor-widget elementor-widget-text-editor\" data-id=\"b00b26e\" data-element_type=\"widget\" data-widget_type=\"text-editor.default\">\n\t\t\t\t<div class=\"elementor-widget-container\">\n\t\t\t\t\t\t\t\t\t<p><strong>Le camping est entour\u00e9 de sentiers balis\u00e9s qui peuvent vous emmener vers les villages les plus proches (Fuenteheridos, Galaroza, Casta\u00f1o del Robledo), et des routes fantastiques pour marcher, avec des niveaux de difficult\u00e9 accessibles \u00e0 tous : promenade, randonn\u00e9e, course \u00e0 pied, v\u00e9lo, etc. Vous profiterez de paysages magnifiques \u00e0 tout moment de l&rsquo;ann\u00e9e.<\/strong><\/p><p>Voici un lien vers les meilleurs sentiers, dont plusieurs partent de notre camping El Madro\u00f1al :\u00a0<\/p><p><a href=\"https:\/\/www.huelvainformacion.es\/temas\/10-mejores-rutas-senderismo-Huelva\/index.php\">https:\/\/www.huelvainformacion.es\/temas\/10-mejores-rutas-senderismo-Huelva\/index.php<\/a><\/p>\t\t\t\t\t\t\t\t<\/div>\n\t\t\t\t<\/div>\n\t\t\t\t\t<\/div>\n\t\t\t\t<\/div>\n\t\t<div class=\"elementor-element elementor-element-dba437c e-flex e-con-boxed e-con e-parent\" data-id=\"dba437c\" data-element_type=\"container\">\n\t\t\t\t\t<div class=\"e-con-inner\">\n\t\t<div class=\"elementor-element elementor-element-7754b12 e-con-full e-flex e-con e-child\" data-id=\"7754b12\" data-element_type=\"container\">\n\t\t\t\t<div class=\"elementor-element elementor-element-70d562f elementor-widget elementor-widget-image\" data-id=\"70d562f\" data-element_type=\"widget\" data-widget_type=\"image.default\">\n\t\t\t\t<div class=\"elementor-widget-container\">\n\t\t\t\t\t\t\t\t\t\t\t\t\t\t\t\t<a href=\"https:\/\/campingelmadronal.com\/fr\/sentiers-de-montagne\/\">\n\t\t\t\t\t\t\t<img fetchpriority=\"high\" decoding=\"async\" width=\"750\" height=\"500\" src=\"https:\/\/campingelmadronal.com\/wp-content\/uploads\/2023\/12\/Senderos-Serranos.jpg\" class=\"attachment-large size-large wp-image-2716\" alt=\"\" srcset=\"https:\/\/campingelmadronal.com\/wp-content\/uploads\/2023\/12\/Senderos-Serranos.jpg 750w, https:\/\/campingelmadronal.com\/wp-content\/uploads\/2023\/12\/Senderos-Serranos-300x200.jpg 300w\" sizes=\"(max-width: 750px) 100vw, 750px\" \/>\t\t\t\t\t\t\t\t<\/a>\n\t\t\t\t\t\t\t\t\t\t\t\t\t\t\t<\/div>\n\t\t\t\t<\/div>\n\t\t\t\t<div class=\"elementor-element elementor-element-a7feed7 elementor-widget elementor-widget-text-editor\" data-id=\"a7feed7\" data-element_type=\"widget\" data-widget_type=\"text-editor.default\">\n\t\t\t\t<div class=\"elementor-widget-container\">\n\t\t\t\t\t\t\t\t\t<a href=\"https:\/\/campingelmadronal.com\/fr\/sentiers-de-montagne\/\"><strong>Sentiers de Montagne<\/strong><\/a>\t\t\t\t\t\t\t\t<\/div>\n\t\t\t\t<\/div>\n\t\t\t\t<\/div>\n\t\t<div class=\"elementor-element elementor-element-12b96d7 e-con-full e-flex e-con e-child\" data-id=\"12b96d7\" data-element_type=\"container\">\n\t\t\t\t<div class=\"elementor-element elementor-element-40374b2 elementor-widget elementor-widget-image\" data-id=\"40374b2\" data-element_type=\"widget\" data-widget_type=\"image.default\">\n\t\t\t\t<div class=\"elementor-widget-container\">\n\t\t\t\t\t\t\t\t\t\t\t\t\t\t\t\t<a href=\"https:\/\/campingelmadronal.com\/fr\/los-marines-fr\/\">\n\t\t\t\t\t\t\t<img decoding=\"async\" width=\"750\" height=\"500\" src=\"https:\/\/campingelmadronal.com\/wp-content\/uploads\/2023\/12\/Cortelazor.jpg\" class=\"attachment-large size-large wp-image-2714\" alt=\"\" srcset=\"https:\/\/campingelmadronal.com\/wp-content\/uploads\/2023\/12\/Cortelazor.jpg 750w, https:\/\/campingelmadronal.com\/wp-content\/uploads\/2023\/12\/Cortelazor-300x200.jpg 300w\" sizes=\"(max-width: 750px) 100vw, 750px\" \/>\t\t\t\t\t\t\t\t<\/a>\n\t\t\t\t\t\t\t\t\t\t\t\t\t\t\t<\/div>\n\t\t\t\t<\/div>\n\t\t\t\t<div class=\"elementor-element elementor-element-bbac6b8 elementor-widget elementor-widget-text-editor\" data-id=\"bbac6b8\" data-element_type=\"widget\" data-widget_type=\"text-editor.default\">\n\t\t\t\t<div class=\"elementor-widget-container\">\n\t\t\t\t\t\t\t\t\t<a href=\"https:\/\/campingelmadronal.com\/fr\/los-marines-fr\/\"><b>Sentier los Marines-Cortelazor-Los Marines<\/b><\/a>\t\t\t\t\t\t\t\t<\/div>\n\t\t\t\t<\/div>\n\t\t\t\t<\/div>\n\t\t<div class=\"elementor-element elementor-element-c01cfb4 e-con-full e-flex e-con e-child\" data-id=\"c01cfb4\" data-element_type=\"container\">\n\t\t\t\t<div class=\"elementor-element elementor-element-8fc6e0c elementor-widget elementor-widget-image\" data-id=\"8fc6e0c\" data-element_type=\"widget\" data-widget_type=\"image.default\">\n\t\t\t\t<div class=\"elementor-widget-container\">\n\t\t\t\t\t\t\t\t\t\t\t\t\t\t\t\t<a href=\"https:\/\/campingelmadronal.com\/fr\/de-fuenteheridos-a-los-marines-fr\/\">\n\t\t\t\t\t\t\t<img decoding=\"async\" width=\"750\" height=\"500\" src=\"https:\/\/campingelmadronal.com\/wp-content\/uploads\/2023\/12\/Fuenteheridos-a-Los-Marines.jpg\" class=\"attachment-large size-large wp-image-2720\" alt=\"\" srcset=\"https:\/\/campingelmadronal.com\/wp-content\/uploads\/2023\/12\/Fuenteheridos-a-Los-Marines.jpg 750w, https:\/\/campingelmadronal.com\/wp-content\/uploads\/2023\/12\/Fuenteheridos-a-Los-Marines-300x200.jpg 300w\" sizes=\"(max-width: 750px) 100vw, 750px\" \/>\t\t\t\t\t\t\t\t<\/a>\n\t\t\t\t\t\t\t\t\t\t\t\t\t\t\t<\/div>\n\t\t\t\t<\/div>\n\t\t\t\t<div class=\"elementor-element elementor-element-e834633 elementor-widget elementor-widget-text-editor\" data-id=\"e834633\" data-element_type=\"widget\" data-widget_type=\"text-editor.default\">\n\t\t\t\t<div class=\"elementor-widget-container\">\n\t\t\t\t\t\t\t\t\t<a href=\"https:\/\/campingelmadronal.com\/fr\/de-fuenteheridos-a-los-marines-fr\/\"><strong>De Fuenteheridos \u00e1 los Marines<\/strong><\/a>\t\t\t\t\t\t\t\t<\/div>\n\t\t\t\t<\/div>\n\t\t\t\t<\/div>\n\t\t<div class=\"elementor-element elementor-element-70891d4 e-con-full e-flex e-con e-child\" data-id=\"70891d4\" data-element_type=\"container\">\n\t\t\t\t<div class=\"elementor-element elementor-element-ed2988c elementor-widget elementor-widget-image\" data-id=\"ed2988c\" data-element_type=\"widget\" data-widget_type=\"image.default\">\n\t\t\t\t<div class=\"elementor-widget-container\">\n\t\t\t\t\t\t\t\t\t\t\t\t\t\t\t\t<a href=\"https:\/\/campingelmadronal.com\/fr\/sentier-galaroza-castano-del-robledo\/\">\n\t\t\t\t\t\t\t<img loading=\"lazy\" decoding=\"async\" width=\"750\" height=\"500\" src=\"https:\/\/campingelmadronal.com\/wp-content\/uploads\/2023\/12\/Sendero-Galarroza.jpg\" class=\"attachment-large size-large wp-image-2718\" alt=\"\" srcset=\"https:\/\/campingelmadronal.com\/wp-content\/uploads\/2023\/12\/Sendero-Galarroza.jpg 750w, https:\/\/campingelmadronal.com\/wp-content\/uploads\/2023\/12\/Sendero-Galarroza-300x200.jpg 300w\" sizes=\"(max-width: 750px) 100vw, 750px\" \/>\t\t\t\t\t\t\t\t<\/a>\n\t\t\t\t\t\t\t\t\t\t\t\t\t\t\t<\/div>\n\t\t\t\t<\/div>\n\t\t\t\t<div class=\"elementor-element elementor-element-6862e25 elementor-widget elementor-widget-text-editor\" data-id=\"6862e25\" data-element_type=\"widget\" data-widget_type=\"text-editor.default\">\n\t\t\t\t<div class=\"elementor-widget-container\">\n\t\t\t\t\t\t\t\t\t<a href=\"https:\/\/campingelmadronal.com\/fr\/sentier-galaroza-castano-del-robledo\/\"><strong>Sendero Galaroza-Casta\u00f1o del Robledo<\/strong><\/a>\t\t\t\t\t\t\t\t<\/div>\n\t\t\t\t<\/div>\n\t\t\t\t<\/div>\n\t\t\t\t\t<\/div>\n\t\t\t\t<\/div>\n\t\t<div class=\"elementor-element elementor-element-d787b7a e-flex e-con-boxed e-con e-parent\" data-id=\"d787b7a\" data-element_type=\"container\">\n\t\t\t\t\t<div class=\"e-con-inner\">\n\t\t<div class=\"elementor-element elementor-element-f99138e e-con-full e-flex e-con e-child\" data-id=\"f99138e\" data-element_type=\"container\">\n\t\t\t\t<div class=\"elementor-element elementor-element-906c6d8 titleHome elementor-widget elementor-widget-text-editor\" data-id=\"906c6d8\" data-element_type=\"widget\" data-widget_type=\"text-editor.default\">\n\t\t\t\t<div class=\"elementor-widget-container\">\n\t\t\t\t\t\t\t\t\t<h2 style=\"text-transform: none;\">Explorez et connectez-vous<\/h2>\t\t\t\t\t\t\t\t<\/div>\n\t\t\t\t<\/div>\n\t\t\t\t<div class=\"elementor-element elementor-element-2f3e893 elementor-widget elementor-widget-text-editor\" data-id=\"2f3e893\" data-element_type=\"widget\" data-widget_type=\"text-editor.default\">\n\t\t\t\t<div class=\"elementor-widget-container\">\n\t\t\t\t\t\t\t\t\t<p>La for\u00eat de ch\u00e2taigniers \u00e9merge comme l&rsquo;un des paysages les plus captivants de la Sierra, gr\u00e2ce \u00e0 son \u00e9tonnante m\u00e9tamorphose chromatique saisonni\u00e8re et \u00e0 la majest\u00e9 de ses robustes arbres, qui ont vu passer les si\u00e8cles.<\/p><p>Chaque saison imprime une transformation radicale \u00e0 ce paysage, o\u00f9 les ch\u00e2taigniers et autres arbres \u00e0 feuilles caduques r\u00e8gnent, peignant le panorama de tonalit\u00e9s vertes, rouge\u00e2tres et grises tout au long de l&rsquo;ann\u00e9e. En automne, la for\u00eat devient un festin pour les sens, offrant une g\u00e9n\u00e9reuse r\u00e9colte de ch\u00e2taignes, de noix, de fraises arbutus et une grande vari\u00e9t\u00e9 de champignons, comme les amanites des C\u00e9sars, les lactaires d\u00e9licieux, les tentuyos, les coulemelles et les champignons.<\/p><p>Depuis ce lieu merveilleux, vous pourrez contempler une grande vari\u00e9t\u00e9 d&rsquo;oiseaux depuis des points strat\u00e9giques. D\u00e9couvrez la richesse de l&rsquo;avifaune de la Sierra.<\/p><p><strong>Nous vous offrons un guide public du Parc Naturel afin que vous puissiez approfondir tout type d&rsquo;information dont vous avez besoin. \u00a0<a href=\"https:\/\/www.juntadeandalucia.es\/turismoycomercio\/publicaciones\/33790.pdf\">Cliquez ici <\/a>pour t\u00e9l\u00e9charger le guide.\u00a0<\/strong><\/p>\t\t\t\t\t\t\t\t<\/div>\n\t\t\t\t<\/div>\n\t\t\t\t<\/div>\n\t\t<div class=\"elementor-element elementor-element-7e35bca e-con-full e-flex e-con e-child\" data-id=\"7e35bca\" data-element_type=\"container\">\n\t\t\t\t<div class=\"elementor-element elementor-element-a5c4d34 elementor-widget elementor-widget-image\" data-id=\"a5c4d34\" data-element_type=\"widget\" data-widget_type=\"image.default\">\n\t\t\t\t<div class=\"elementor-widget-container\">\n\t\t\t\t\t\t\t\t\t\t\t\t\t\t\t<img decoding=\"async\" src=\"https:\/\/campingelmadronal.com\/wp-content\/uploads\/elementor\/thumbs\/IMG_6632-qoh3rjiaq8blu3tfsoxm5g0ldvkpgbo20m38pbfby8.jpeg\" title=\"IMG_6632\" alt=\"IMG_6632\" loading=\"lazy\" \/>\t\t\t\t\t\t\t\t\t\t\t\t\t\t\t<\/div>\n\t\t\t\t<\/div>\n\t\t\t\t<\/div>\n\t\t\t\t\t<\/div>\n\t\t\t\t<\/div>\n\t\t\t\t<\/div>\n\t\t","protected":false},"excerpt":{"rendered":"<p>Le camping est entour\u00e9 de sentiers balis\u00e9s qui peuvent vous emmener vers les villages les plus proches (Fuenteheridos, Galaroza, Casta\u00f1o del Robledo), et des routes fantastiques pour marcher, avec des niveaux de difficult\u00e9 accessibles \u00e0 tous : promenade, randonn\u00e9e, course \u00e0 pied, v\u00e9lo, etc. Vous profiterez de paysages magnifiques \u00e0 tout moment de l&rsquo;ann\u00e9e. Voici&#8230;<\/p>\n","protected":false},"author":1,"featured_media":2708,"parent":0,"menu_order":0,"comment_status":"closed","ping_status":"closed","template":"","meta":{"_kad_post_transparent":"","_kad_post_title":"default","_kad_post_layout":"default","_kad_post_sidebar_id":"","_kad_post_content_style":"unboxed","_kad_post_vertical_padding":"hide","_kad_post_feature":"default","_kad_post_feature_position":"","_kad_post_header":false,"_kad_post_footer":false,"_joinchat":[],"footnotes":""},"class_list":["post-3004","page","type-page","status-publish","has-post-thumbnail","hentry"],"_links":{"self":[{"href":"https:\/\/campingelmadronal.com\/fr\/wp-json\/wp\/v2\/pages\/3004","targetHints":{"allow":["GET"]}}],"collection":[{"href":"https:\/\/campingelmadronal.com\/fr\/wp-json\/wp\/v2\/pages"}],"about":[{"href":"https:\/\/campingelmadronal.com\/fr\/wp-json\/wp\/v2\/types\/page"}],"author":[{"embeddable":true,"href":"https:\/\/campingelmadronal.com\/fr\/wp-json\/wp\/v2\/users\/1"}],"replies":[{"embeddable":true,"href":"https:\/\/campingelmadronal.com\/fr\/wp-json\/wp\/v2\/comments?post=3004"}],"version-history":[{"count":38,"href":"https:\/\/campingelmadronal.com\/fr\/wp-json\/wp\/v2\/pages\/3004\/revisions"}],"predecessor-version":[{"id":3903,"href":"https:\/\/campingelmadronal.com\/fr\/wp-json\/wp\/v2\/pages\/3004\/revisions\/3903"}],"wp:featuredmedia":[{"embeddable":true,"href":"https:\/\/campingelmadronal.com\/fr\/wp-json\/wp\/v2\/media\/2708"}],"wp:attachment":[{"href":"https:\/\/campingelmadronal.com\/fr\/wp-json\/wp\/v2\/media?parent=3004"}],"curies":[{"name":"wp","href":"https:\/\/api.w.org\/{rel}","templated":true}]}}