{"id":2970,"date":"2023-12-12T17:55:31","date_gmt":"2023-12-12T17:55:31","guid":{"rendered":"https:\/\/campingelmadronal.com\/como-llegar\/"},"modified":"2024-06-19T07:55:01","modified_gmt":"2024-06-19T07:55:01","slug":"comment-arriver","status":"publish","type":"page","link":"https:\/\/campingelmadronal.com\/fr\/comment-arriver\/","title":{"rendered":"Comment arriver"},"content":{"rendered":"\t\t<div data-elementor-type=\"wp-page\" data-elementor-id=\"2970\" class=\"elementor elementor-2970 elementor-900\" data-elementor-post-type=\"page\">\n\t\t\t\t<div class=\"elementor-element elementor-element-cb517f6 e-flex e-con-boxed e-con e-parent\" data-id=\"cb517f6\" data-element_type=\"container\">\n\t\t\t\t\t<div class=\"e-con-inner\">\n\t\t\t\t<div class=\"elementor-element elementor-element-66026e9 titleHome elementor-widget elementor-widget-text-editor\" data-id=\"66026e9\" data-element_type=\"widget\" data-widget_type=\"text-editor.default\">\n\t\t\t\t<div class=\"elementor-widget-container\">\n\t\t\t\t\t\t\t\t\t<h2>Dans votre propre voiture<\/h2>\t\t\t\t\t\t\t\t<\/div>\n\t\t\t\t<\/div>\n\t\t\t\t<div class=\"elementor-element elementor-element-7f54723 textComo elementor-widget elementor-widget-text-editor\" data-id=\"7f54723\" data-element_type=\"widget\" data-widget_type=\"text-editor.default\">\n\t\t\t\t<div class=\"elementor-widget-container\">\n\t\t\t\t\t\t\t\t\t<p><strong>CODE PLUS: W83G+JW Fuenteheridos<\/strong><\/p><h3>SI VOUS VENEZ DE S\u00c9VILLE<\/h3><p>Vous devez prendre la sortie M\u00e9rida sur la SE-30 &#8211; Puente del Alamillo &#8211; et apr\u00e8s avoir pass\u00e9 Santiponce et le croisement de Las Pajanosas (qui se trouve sur la droite), vous atteindrez la d\u00e9viation indiquant : Aracena-Portugal (CN-433), \u00e0 31 km du Alamillo, pr\u00e9c\u00e9demment annonc\u00e9e par plusieurs panneaux bleus et un panneau blanc de d\u00e9viation : ARACENA &#8211; PORTUGAL.<\/p><p><strong>FAITES ATTENTION DE NE PAS PRENDRE LA DIRECTION DE L&rsquo;ESTREMADURE SUR L&rsquo;AUTOROUTE, comme beaucoup l&rsquo;ont d\u00e9j\u00e0 fait par erreur. Vous ne pourrez pas faire demi-tour avant El Ronquillo.<\/strong><\/p><p>Vous arriverez \u00e0 un rond-point o\u00f9 il y a une autre indication pour ARACENA &#8211; PORTUGAL ; prenez cette route et vous trouverez Aracena \u00e0 environ 56 km. \u00c0 10 km de l\u00e0 se trouve Fuenteheridos ; pour vous assurer que vous ne l&rsquo;avez pas manqu\u00e9, vous passerez par El Garrobo, Valdeflores, Higuera de la Sierra, les contournements de Valdezufre, Aracena et Los Marines, puis, environ 4 km plus loin, prenez la d\u00e9viation vers Fuenteheridos (route 8120), \u00e0 gauche, en vous positionnant au centre de la route.<\/p><h3>SI VOUS VENEZ DE HUELVA<\/h3><p>Vous devriez emprunter la route de San Juan del Puerto \u00e0 C\u00e1ceres (CN-435). Vous avez plusieurs options ici. La plus longue &#8211; mais meilleure route &#8211; est de continuer jusqu&rsquo;au croisement avec la CN-433, apr\u00e8s avoir pass\u00e9 Jabugo, et de prendre cette route en direction de S\u00e9ville. Une fois que vous aurez pass\u00e9 Galaroza, vous trouverez la route 8120 sur votre droite, en direction de Fuenteheridos. L&rsquo;option la plus courte est d&rsquo;entrer par Casta\u00f1o del Robledo &#8211; Fuenteheridos ; environ 4 km plus loin, le camping sera sur votre gauche.<\/p><p>Une autre meilleure option, appel\u00e9e le \u00ab\u00a0Camino de las Minas\u00a0\u00bb, consiste \u00e0 quitter la CN-435 apr\u00e8s avoir pass\u00e9 Zalamea la Real, et traverser le bassin minier (direction Riotinto &#8211; Campofrio) jusqu&rsquo;\u00e0 Aracena. De l\u00e0, vous atteindrez facilement notre ville 10 km plus loin, en direction du Portugal.<\/p><h3>SI VOUS VENEZ D&rsquo;EXTREMADURE<\/h3><p>Comme vous acc\u00e9dez depuis la m\u00eame route que depuis Huelva (CN-435), les indications fournies dans la section pr\u00e9c\u00e9dente s&rsquo;appliquent en sens inverse : prenez la route vers Fregenal, et apr\u00e8s avoir pass\u00e9 La Nava, vous trouverez le croisement avec la CN-433. Dirigez-vous vers S\u00e9ville, passez par Galaroza, et apr\u00e8s 5 km, vous atteindrez Fuenteheridos.<\/p><p>Pour ceux qui voyagent avec une CARAVANE ou un CAMPING-CAR, il est conseill\u00e9 de ne pas passer par Fuenteheridos. Il est plus pratique de suivre cet itin\u00e9raire : Depuis S\u00e9ville ou Huelva (via Aracena), prenez la premi\u00e8re entr\u00e9e indiqu\u00e9e \u00ab\u00a0Fuenteheridos \u2013 Pe\u00f1a de Arias Montano\u00a0\u00bb sur la gauche, depuis le centre de la route en direction de Galaroza \u2013 Portugal. Si vous la manquez, vous arriverez \u00e0 un rond-point avec un restaurant, \u00ab\u00a0La Capellan\u00eda\u00a0\u00bb. Faites demi-tour et prenez la bretelle d&rsquo;entr\u00e9e sur la droite. Ne tournez pas vers Fuenteheridos (\u00e0 droite) ni au 2\u00e8me rond-point avec un lampadaire. Continuez tout droit vers Casta\u00f1o del Robledo. \u00c0 1,5 km apr\u00e8s ce rond-point, vous trouverez le Camping avec un acc\u00e8s direct depuis la route.<\/p><p>Si vous venez d&rsquo;EXTREMADURE : Apr\u00e8s avoir pass\u00e9 Galaroza &#8211; comme mentionn\u00e9 ci-dessus &#8211; apr\u00e8s 5 km, Fuenteheridos, passez devant la 1\u00e8re entr\u00e9e (rond-point du restaurant \u00ab\u00a0La Capellan\u00eda\u00a0\u00bb), atteignez la 2\u00e8me entr\u00e9e et suivez les instructions pour cette entr\u00e9e comme si vous veniez de S\u00e9ville.<\/p><p>Si vous venez de Huelva, par la route des Mines (Route Nationale 435), la route la plus longue mais meilleure est d&rsquo;atteindre le croisement avec la CN-433 apr\u00e8s avoir pass\u00e9 Jabugo, et de prendre cette route en direction de S\u00e9ville. Une fois pass\u00e9 Galaroza, apr\u00e8s 5 km, vous atteindrez Fuenteheridos. Un itin\u00e9raire plus court est d&rsquo;entrer par la d\u00e9viation vers Casta\u00f1o del Robledo et, apr\u00e8s avoir travers\u00e9 cette ville, vous trouverez le Camping sur votre gauche \u00e0 environ 4 km.<\/p>\t\t\t\t\t\t\t\t<\/div>\n\t\t\t\t<\/div>\n\t\t\t\t<div class=\"elementor-element elementor-element-b5b097e titleHome elementor-widget elementor-widget-text-editor\" data-id=\"b5b097e\" data-element_type=\"widget\" data-widget_type=\"text-editor.default\">\n\t\t\t\t<div class=\"elementor-widget-container\">\n\t\t\t\t\t\t\t\t\t<h2>En bus<\/h2>\t\t\t\t\t\t\t\t<\/div>\n\t\t\t\t<\/div>\n\t\t\t\t<div class=\"elementor-element elementor-element-b65f9bc textComo elementor-widget elementor-widget-text-editor\" data-id=\"b65f9bc\" data-element_type=\"widget\" data-widget_type=\"text-editor.default\">\n\t\t\t\t<div class=\"elementor-widget-container\">\n\t\t\t\t\t\t\t\t\t<p><strong>Pour arriver \u00e0 Fuenteheridos en bus, vous avez plusieurs options selon votre lieu de d\u00e9part :<\/strong><\/p><ul><li><strong>De S\u00e9ville,<\/strong> deux bus quotidiens partent de la station \u00ab\u00a0Plaza de Armas\u00a0\u00bb (ligne S\u00e9ville-Rosal de la Frontera-Lisbonne) : un le matin \u00e0 9h00 et un autre l&rsquo;apr\u00e8s-midi \u00e0 16h00. Ils passent par Fuenteheridos (\u00ab\u00a0El Coso\u00a0\u00bb) avec des trajets de retour \u00e0 7h30 et \u00e0 16h30. Ces bus sont exploit\u00e9s par Damas. Il y a aussi une ligne interne de la Sierra qui relie notre ville \u00e0 Aracena, Cortegana et au bassin minier (Riotinto et Nerva). Exploit\u00e9 par Damas.<\/li><li><strong>Depuis Huelva,<\/strong> il y a deux lignes de correspondance pour rejoindre notre ville : vous devez descendre \u00e0 Galaroza ou \u00e0 Aracena selon l&rsquo;option choisie (Huelva-Oliva de la Frontera et Huelva-Hinojales respectivement). \u00c9galement exploit\u00e9 par Damas.<\/li><li><strong>Depuis Madrid,<\/strong> il y a la ligne Madrid-Ayamonte traversant la Sierra ; vous devez descendre \u00e0 l&rsquo;arr\u00eat de Jabugo. (Exploit\u00e9 par Suroeste Bus).<\/li><li><strong>Depuis Badajoz,<\/strong> il y a un bus effectuant l&rsquo;itin\u00e9raire Huelva-Badajoz, passant uniquement le vendredi ; vous devez descendre \u00e0 l&rsquo;arr\u00eat de Galaroza. (Exploit\u00e9 par Damas).<\/li><\/ul><p><strong>Damas, S\u00e9ville, station Plaza de Armas. T\u00e9l\u00e9phone: 954 90 69 32\/ 77<\/strong><\/p><p><strong>Damas, Huelva, C\/ Dr. Rubio s\/n. T\u00e9l\u00e9phone : 959 25 69 00<\/strong><\/p>\t\t\t\t\t\t\t\t<\/div>\n\t\t\t\t<\/div>\n\t\t\t\t<div class=\"elementor-element elementor-element-82bab9b titleHome elementor-widget elementor-widget-text-editor\" data-id=\"82bab9b\" data-element_type=\"widget\" data-widget_type=\"text-editor.default\">\n\t\t\t\t<div class=\"elementor-widget-container\">\n\t\t\t\t\t\t\t\t\t<h2>En train et \u00e0 pied<\/h2>\t\t\t\t\t\t\t\t<\/div>\n\t\t\t\t<\/div>\n\t\t\t\t<div class=\"elementor-element elementor-element-040ee2b textComo elementor-widget elementor-widget-text-editor\" data-id=\"040ee2b\" data-element_type=\"widget\" data-widget_type=\"text-editor.default\">\n\t\t\t\t<div class=\"elementor-widget-container\">\n\t\t\t\t\t\t\t\t\t<p>Vous pouvez \u00e9galement arriver \u00e0 Fuenteheridos en train. Cette option est disponible si vous venez de Huelva ou d&rsquo;Extr\u00e9madure, car la ligne traversant la Sierra de Aracena couvre l&rsquo;itin\u00e9raire Huelva-Zafra. La gare la plus proche est El Repilado (Jabugo-Galaroza), situ\u00e9e \u00e0 10 km de Fuenteheridos. Une autre mani\u00e8re d&rsquo;arriver depuis les villages environnants est par les sentiers autrefois utilis\u00e9s pour se rendre d&rsquo;un village \u00e0 l&rsquo;autre.<\/p>\t\t\t\t\t\t\t\t<\/div>\n\t\t\t\t<\/div>\n\t\t\t\t\t<\/div>\n\t\t\t\t<\/div>\n\t\t\t\t<\/div>\n\t\t","protected":false},"excerpt":{"rendered":"<p>Dans votre propre voiture CODE PLUS: W83G+JW Fuenteheridos SI VOUS VENEZ DE S\u00c9VILLE Vous devez prendre la sortie M\u00e9rida sur la SE-30 &#8211; Puente del Alamillo &#8211; et apr\u00e8s avoir pass\u00e9 Santiponce et le croisement de Las Pajanosas (qui se trouve sur la droite), vous atteindrez la d\u00e9viation indiquant : Aracena-Portugal (CN-433), \u00e0 31 km&#8230;<\/p>\n","protected":false},"author":1,"featured_media":2722,"parent":0,"menu_order":0,"comment_status":"closed","ping_status":"closed","template":"","meta":{"_kad_post_transparent":"default","_kad_post_title":"default","_kad_post_layout":"default","_kad_post_sidebar_id":"","_kad_post_content_style":"unboxed","_kad_post_vertical_padding":"hide","_kad_post_feature":"default","_kad_post_feature_position":"","_kad_post_header":false,"_kad_post_footer":false,"_joinchat":[],"footnotes":""},"class_list":["post-2970","page","type-page","status-publish","has-post-thumbnail","hentry"],"_links":{"self":[{"href":"https:\/\/campingelmadronal.com\/fr\/wp-json\/wp\/v2\/pages\/2970","targetHints":{"allow":["GET"]}}],"collection":[{"href":"https:\/\/campingelmadronal.com\/fr\/wp-json\/wp\/v2\/pages"}],"about":[{"href":"https:\/\/campingelmadronal.com\/fr\/wp-json\/wp\/v2\/types\/page"}],"author":[{"embeddable":true,"href":"https:\/\/campingelmadronal.com\/fr\/wp-json\/wp\/v2\/users\/1"}],"replies":[{"embeddable":true,"href":"https:\/\/campingelmadronal.com\/fr\/wp-json\/wp\/v2\/comments?post=2970"}],"version-history":[{"count":10,"href":"https:\/\/campingelmadronal.com\/fr\/wp-json\/wp\/v2\/pages\/2970\/revisions"}],"predecessor-version":[{"id":3037,"href":"https:\/\/campingelmadronal.com\/fr\/wp-json\/wp\/v2\/pages\/2970\/revisions\/3037"}],"wp:featuredmedia":[{"embeddable":true,"href":"https:\/\/campingelmadronal.com\/fr\/wp-json\/wp\/v2\/media\/2722"}],"wp:attachment":[{"href":"https:\/\/campingelmadronal.com\/fr\/wp-json\/wp\/v2\/media?parent=2970"}],"curies":[{"name":"wp","href":"https:\/\/api.w.org\/{rel}","templated":true}]}}