{"id":2939,"date":"2023-12-15T10:39:47","date_gmt":"2023-12-15T10:39:47","guid":{"rendered":"https:\/\/campingelmadronal.com\/casa-nueva\/"},"modified":"2025-03-22T16:53:50","modified_gmt":"2025-03-22T16:53:50","slug":"maison-nouvelle","status":"publish","type":"page","link":"https:\/\/campingelmadronal.com\/fr\/maison-nouvelle\/","title":{"rendered":"Casa Nueva"},"content":{"rendered":"\t\t<div data-elementor-type=\"wp-page\" data-elementor-id=\"2939\" class=\"elementor elementor-2939 elementor-1333\" data-elementor-post-type=\"page\">\n\t\t\t\t<div class=\"elementor-element elementor-element-252e0d0 e-flex e-con-boxed e-con e-parent\" data-id=\"252e0d0\" data-element_type=\"container\">\n\t\t\t\t\t<div class=\"e-con-inner\">\n\t\t\t\t<div class=\"elementor-element elementor-element-c35caa7 elementor-align-center elementor-widget elementor-widget-button\" data-id=\"c35caa7\" data-element_type=\"widget\" data-widget_type=\"button.default\">\n\t\t\t\t<div class=\"elementor-widget-container\">\n\t\t\t\t\t\t\t\t\t<div class=\"elementor-button-wrapper\">\n\t\t\t\t\t<a class=\"elementor-button elementor-button-link elementor-size-sm\" href=\"https:\/\/campingelmadronal.com\/fr\/reservations\/\">\n\t\t\t\t\t\t<span class=\"elementor-button-content-wrapper\">\n\t\t\t\t\t\t\t\t\t<span class=\"elementor-button-text\">R\u00c9SERVER<\/span>\n\t\t\t\t\t<\/span>\n\t\t\t\t\t<\/a>\n\t\t\t\t<\/div>\n\t\t\t\t\t\t\t\t<\/div>\n\t\t\t\t<\/div>\n\t\t\t\t\t<\/div>\n\t\t\t\t<\/div>\n\t\t<div class=\"elementor-element elementor-element-fcb63dc e-flex e-con-boxed e-con e-parent\" data-id=\"fcb63dc\" data-element_type=\"container\">\n\t\t\t\t\t<div class=\"e-con-inner\">\n\t\t<div class=\"elementor-element elementor-element-82ff42f e-con-full e-flex e-con e-child\" data-id=\"82ff42f\" data-element_type=\"container\">\n\t\t\t\t<div class=\"elementor-element elementor-element-d9cac1b elementor-widget elementor-widget-text-editor\" data-id=\"d9cac1b\" data-element_type=\"widget\" data-widget_type=\"text-editor.default\">\n\t\t\t\t<div class=\"elementor-widget-container\">\n\t\t\t\t\t\t\t\t\t<p>La Casa Nueva est une villa confortable et moderne, situ\u00e9e \u00e0 l&rsquo;ombre de majestueux ch\u00e2taigniers, offrant une retraite id\u00e9ale pour un s\u00e9jour paisible au c\u0153ur de la nature. Bien que plus compacte, cette villa offre un environnement confortable et charmant, parfait pour les couples ou les petits groupes. Pouvant accueillir jusqu&rsquo;\u00e0 trois personnes, la Casa Nueva ne dispose que d&rsquo;une seule chambre \u00e0 coucher, ce qui garantit un repos agr\u00e9able gr\u00e2ce au linge de lit fourni.<\/p><p>Dans le salon, vous profiterez d&rsquo;une chaleureuse chemin\u00e9e \u00e0 bois pour les nuits fra\u00eeches et de l&rsquo;air conditionn\u00e9 pour vous rafra\u00eechir pendant les journ\u00e9es les plus chaudes. La cuisine est enti\u00e8rement \u00e9quip\u00e9e avec les ustensiles n\u00e9cessaires pour pr\u00e9parer des repas maison, ce qui vous permettra de d\u00e9guster vos plats pr\u00e9f\u00e9r\u00e9s pendant votre s\u00e9jour.<\/p><p>La villa dispose d&rsquo;une salle de bain avec douche, adapt\u00e9e aux personnes \u00e0 mobilit\u00e9 r\u00e9duite et des serviettes sont fournies pour votre confort. \u00c0 l&rsquo;ext\u00e9rieur, un charmant porche meubl\u00e9 d&rsquo;une table et de chaises vous offre l&rsquo;endroit id\u00e9al pour vous d\u00e9tendre et profiter de l&rsquo;environnement naturel qui entoure la maison.<\/p><p>Situ\u00e9e au c\u0153ur de notre camping, la Casa Nueva allie l&rsquo;essence rustique au confort moderne, vous offrant une exp\u00e9rience unique dans la Sierra de Aracena y Picos de Aroche. Profitez de la paix et de la beaut\u00e9 de cet environnement naturel et faites de votre s\u00e9jour un souvenir inoubliable.<\/p>\t\t\t\t\t\t\t\t<\/div>\n\t\t\t\t<\/div>\n\t\t\t\t<\/div>\n\t\t<div class=\"elementor-element elementor-element-2d6264a e-con-full e-flex e-con e-child\" data-id=\"2d6264a\" data-element_type=\"container\">\n\t\t\t\t<div class=\"elementor-element elementor-element-ba97b1f elementor-widget__width-inherit elementor-widget elementor-widget-image\" data-id=\"ba97b1f\" data-element_type=\"widget\" data-widget_type=\"image.default\">\n\t\t\t\t<div class=\"elementor-widget-container\">\n\t\t\t\t\t\t\t\t\t\t\t\t\t\t\t<img fetchpriority=\"high\" decoding=\"async\" width=\"768\" height=\"569\" src=\"https:\/\/campingelmadronal.com\/wp-content\/uploads\/2025\/03\/IMG_6793-768x569.jpeg\" class=\"attachment-medium_large size-medium_large wp-image-4005\" alt=\"\" srcset=\"https:\/\/campingelmadronal.com\/wp-content\/uploads\/2025\/03\/IMG_6793-768x569.jpeg 768w, https:\/\/campingelmadronal.com\/wp-content\/uploads\/2025\/03\/IMG_6793-300x222.jpeg 300w, https:\/\/campingelmadronal.com\/wp-content\/uploads\/2025\/03\/IMG_6793-1024x759.jpeg 1024w, https:\/\/campingelmadronal.com\/wp-content\/uploads\/2025\/03\/IMG_6793-1536x1138.jpeg 1536w, https:\/\/campingelmadronal.com\/wp-content\/uploads\/2025\/03\/IMG_6793-2048x1517.jpeg 2048w\" sizes=\"(max-width: 768px) 100vw, 768px\" \/>\t\t\t\t\t\t\t\t\t\t\t\t\t\t\t<\/div>\n\t\t\t\t<\/div>\n\t\t\t\t<\/div>\n\t\t\t\t\t<\/div>\n\t\t\t\t<\/div>\n\t\t<div class=\"elementor-element elementor-element-a90f6a4 e-flex e-con-boxed e-con e-parent\" data-id=\"a90f6a4\" data-element_type=\"container\">\n\t\t\t\t\t<div class=\"e-con-inner\">\n\t\t\t\t<div class=\"elementor-element elementor-element-cf181c4 elementor-widget elementor-widget-gallery\" data-id=\"cf181c4\" data-element_type=\"widget\" data-settings=\"{&quot;gallery_layout&quot;:&quot;justified&quot;,&quot;ideal_row_height&quot;:{&quot;unit&quot;:&quot;px&quot;,&quot;size&quot;:277,&quot;sizes&quot;:[]},&quot;lazyload&quot;:&quot;yes&quot;,&quot;ideal_row_height_tablet&quot;:{&quot;unit&quot;:&quot;px&quot;,&quot;size&quot;:150,&quot;sizes&quot;:[]},&quot;ideal_row_height_mobile&quot;:{&quot;unit&quot;:&quot;px&quot;,&quot;size&quot;:150,&quot;sizes&quot;:[]},&quot;gap&quot;:{&quot;unit&quot;:&quot;px&quot;,&quot;size&quot;:10,&quot;sizes&quot;:[]},&quot;gap_tablet&quot;:{&quot;unit&quot;:&quot;px&quot;,&quot;size&quot;:10,&quot;sizes&quot;:[]},&quot;gap_mobile&quot;:{&quot;unit&quot;:&quot;px&quot;,&quot;size&quot;:10,&quot;sizes&quot;:[]},&quot;link_to&quot;:&quot;file&quot;,&quot;overlay_background&quot;:&quot;yes&quot;,&quot;content_hover_animation&quot;:&quot;fade-in&quot;}\" data-widget_type=\"gallery.default\">\n\t\t\t\t<div class=\"elementor-widget-container\">\n\t\t\t\t\t\t\t<div class=\"elementor-gallery__container\">\n\t\t\t\t\t\t\t<a class=\"e-gallery-item elementor-gallery-item elementor-animated-content\" href=\"https:\/\/campingelmadronal.com\/wp-content\/uploads\/2025\/03\/IMG_7348-1.jpeg\" data-elementor-open-lightbox=\"yes\" data-elementor-lightbox-slideshow=\"cf181c4\" data-elementor-lightbox-title=\"IMG_7348\" data-e-action-hash=\"#elementor-action%3Aaction%3Dlightbox%26settings%3DeyJpZCI6NDAxNSwidXJsIjoiaHR0cHM6XC9cL2NhbXBpbmdlbG1hZHJvbmFsLmNvbVwvd3AtY29udGVudFwvdXBsb2Fkc1wvMjAyNVwvMDNcL0lNR183MzQ4LTEuanBlZyIsInNsaWRlc2hvdyI6ImNmMTgxYzQifQ%3D%3D\">\n\t\t\t\t\t<div class=\"e-gallery-image elementor-gallery-item__image\" data-thumbnail=\"https:\/\/campingelmadronal.com\/wp-content\/uploads\/2025\/03\/IMG_7348-1-768x578.jpeg\" data-width=\"768\" data-height=\"578\" aria-label=\"\" role=\"img\" ><\/div>\n\t\t\t\t\t\t\t\t\t\t\t<div class=\"elementor-gallery-item__overlay\"><\/div>\n\t\t\t\t\t\t\t\t\t\t\t\t\t\t<\/a>\n\t\t\t\t\t\t\t<a class=\"e-gallery-item elementor-gallery-item elementor-animated-content\" href=\"https:\/\/campingelmadronal.com\/wp-content\/uploads\/2025\/03\/IMG_8443-1-1.jpeg\" data-elementor-open-lightbox=\"yes\" data-elementor-lightbox-slideshow=\"cf181c4\" data-elementor-lightbox-title=\"IMG_8443 (1)\" data-e-action-hash=\"#elementor-action%3Aaction%3Dlightbox%26settings%3DeyJpZCI6NDAxOCwidXJsIjoiaHR0cHM6XC9cL2NhbXBpbmdlbG1hZHJvbmFsLmNvbVwvd3AtY29udGVudFwvdXBsb2Fkc1wvMjAyNVwvMDNcL0lNR184NDQzLTEtMS5qcGVnIiwic2xpZGVzaG93IjoiY2YxODFjNCJ9\">\n\t\t\t\t\t<div class=\"e-gallery-image elementor-gallery-item__image\" data-thumbnail=\"https:\/\/campingelmadronal.com\/wp-content\/uploads\/2025\/03\/IMG_8443-1-1-768x576.jpeg\" data-width=\"768\" data-height=\"576\" aria-label=\"\" role=\"img\" ><\/div>\n\t\t\t\t\t\t\t\t\t\t\t<div class=\"elementor-gallery-item__overlay\"><\/div>\n\t\t\t\t\t\t\t\t\t\t\t\t\t\t<\/a>\n\t\t\t\t\t\t\t<a class=\"e-gallery-item elementor-gallery-item elementor-animated-content\" href=\"https:\/\/campingelmadronal.com\/wp-content\/uploads\/2025\/03\/IMG_8445-1.jpeg\" data-elementor-open-lightbox=\"yes\" data-elementor-lightbox-slideshow=\"cf181c4\" data-elementor-lightbox-title=\"IMG_8445 (1)\" data-e-action-hash=\"#elementor-action%3Aaction%3Dlightbox%26settings%3DeyJpZCI6NDAyMSwidXJsIjoiaHR0cHM6XC9cL2NhbXBpbmdlbG1hZHJvbmFsLmNvbVwvd3AtY29udGVudFwvdXBsb2Fkc1wvMjAyNVwvMDNcL0lNR184NDQ1LTEuanBlZyIsInNsaWRlc2hvdyI6ImNmMTgxYzQifQ%3D%3D\">\n\t\t\t\t\t<div class=\"e-gallery-image elementor-gallery-item__image\" data-thumbnail=\"https:\/\/campingelmadronal.com\/wp-content\/uploads\/2025\/03\/IMG_8445-1-768x599.jpeg\" data-width=\"768\" data-height=\"599\" aria-label=\"\" role=\"img\" ><\/div>\n\t\t\t\t\t\t\t\t\t\t\t<div class=\"elementor-gallery-item__overlay\"><\/div>\n\t\t\t\t\t\t\t\t\t\t\t\t\t\t<\/a>\n\t\t\t\t\t<\/div>\n\t\t\t\t\t<\/div>\n\t\t\t\t<\/div>\n\t\t\t\t\t<\/div>\n\t\t\t\t<\/div>\n\t\t\t\t<\/div>\n\t\t","protected":false},"excerpt":{"rendered":"<p>R\u00c9SERVER La Casa Nueva est une villa confortable et moderne, situ\u00e9e \u00e0 l&rsquo;ombre de majestueux ch\u00e2taigniers, offrant une retraite id\u00e9ale pour un s\u00e9jour paisible au c\u0153ur de la nature. Bien que plus compacte, cette villa offre un environnement confortable et charmant, parfait pour les couples ou les petits groupes. Pouvant accueillir jusqu&rsquo;\u00e0 trois personnes, la&#8230;<\/p>\n","protected":false},"author":1,"featured_media":3748,"parent":0,"menu_order":0,"comment_status":"closed","ping_status":"closed","template":"","meta":{"_kad_post_transparent":"","_kad_post_title":"default","_kad_post_layout":"default","_kad_post_sidebar_id":"","_kad_post_content_style":"unboxed","_kad_post_vertical_padding":"hide","_kad_post_feature":"hide","_kad_post_feature_position":"","_kad_post_header":false,"_kad_post_footer":false,"_joinchat":[],"footnotes":""},"class_list":["post-2939","page","type-page","status-publish","has-post-thumbnail","hentry"],"_links":{"self":[{"href":"https:\/\/campingelmadronal.com\/fr\/wp-json\/wp\/v2\/pages\/2939","targetHints":{"allow":["GET"]}}],"collection":[{"href":"https:\/\/campingelmadronal.com\/fr\/wp-json\/wp\/v2\/pages"}],"about":[{"href":"https:\/\/campingelmadronal.com\/fr\/wp-json\/wp\/v2\/types\/page"}],"author":[{"embeddable":true,"href":"https:\/\/campingelmadronal.com\/fr\/wp-json\/wp\/v2\/users\/1"}],"replies":[{"embeddable":true,"href":"https:\/\/campingelmadronal.com\/fr\/wp-json\/wp\/v2\/comments?post=2939"}],"version-history":[{"count":17,"href":"https:\/\/campingelmadronal.com\/fr\/wp-json\/wp\/v2\/pages\/2939\/revisions"}],"predecessor-version":[{"id":4041,"href":"https:\/\/campingelmadronal.com\/fr\/wp-json\/wp\/v2\/pages\/2939\/revisions\/4041"}],"wp:featuredmedia":[{"embeddable":true,"href":"https:\/\/campingelmadronal.com\/fr\/wp-json\/wp\/v2\/media\/3748"}],"wp:attachment":[{"href":"https:\/\/campingelmadronal.com\/fr\/wp-json\/wp\/v2\/media?parent=2939"}],"curies":[{"name":"wp","href":"https:\/\/api.w.org\/{rel}","templated":true}]}}