{"id":2931,"date":"2023-12-15T10:36:25","date_gmt":"2023-12-15T10:36:25","guid":{"rendered":"https:\/\/campingelmadronal.com\/casa-del-taller\/"},"modified":"2025-03-22T16:52:36","modified_gmt":"2025-03-22T16:52:36","slug":"maison-de-latelier","status":"publish","type":"page","link":"https:\/\/campingelmadronal.com\/fr\/maison-de-latelier\/","title":{"rendered":"Casa del Taller"},"content":{"rendered":"\t\t<div data-elementor-type=\"wp-page\" data-elementor-id=\"2931\" class=\"elementor elementor-2931 elementor-1319\" data-elementor-post-type=\"page\">\n\t\t\t\t<div class=\"elementor-element elementor-element-1e9a1aa e-flex e-con-boxed e-con e-parent\" data-id=\"1e9a1aa\" data-element_type=\"container\">\n\t\t\t\t\t<div class=\"e-con-inner\">\n\t\t\t\t<div class=\"elementor-element elementor-element-4bee2bd elementor-align-center elementor-widget elementor-widget-button\" data-id=\"4bee2bd\" data-element_type=\"widget\" data-widget_type=\"button.default\">\n\t\t\t\t<div class=\"elementor-widget-container\">\n\t\t\t\t\t\t\t\t\t<div class=\"elementor-button-wrapper\">\n\t\t\t\t\t<a class=\"elementor-button elementor-button-link elementor-size-sm\" href=\"https:\/\/campingelmadronal.com\/fr\/reservations\/\">\n\t\t\t\t\t\t<span class=\"elementor-button-content-wrapper\">\n\t\t\t\t\t\t\t\t\t<span class=\"elementor-button-text\">R\u00c9SERVER<\/span>\n\t\t\t\t\t<\/span>\n\t\t\t\t\t<\/a>\n\t\t\t\t<\/div>\n\t\t\t\t\t\t\t\t<\/div>\n\t\t\t\t<\/div>\n\t\t\t\t\t<\/div>\n\t\t\t\t<\/div>\n\t\t<div class=\"elementor-element elementor-element-7d89a39 e-flex e-con-boxed e-con e-parent\" data-id=\"7d89a39\" data-element_type=\"container\">\n\t\t\t\t\t<div class=\"e-con-inner\">\n\t\t<div class=\"elementor-element elementor-element-a45794e e-con-full e-flex e-con e-child\" data-id=\"a45794e\" data-element_type=\"container\">\n\t\t\t\t<div class=\"elementor-element elementor-element-573a80b elementor-widget elementor-widget-text-editor\" data-id=\"573a80b\" data-element_type=\"widget\" data-widget_type=\"text-editor.default\">\n\t\t\t\t<div class=\"elementor-widget-container\">\n\t\t\t\t\t\t\t\t\t<p>La Casa del Taller est une villa spacieuse et charmante, situ\u00e9e dans un cadre naturel \u00e0 l&rsquo;ombre de grands ch\u00e2taigniers. Cette retraite confortable est id\u00e9ale pour ceux qui recherchent un s\u00e9jour confortable et relaxant au c\u0153ur de la nature. Pouvant accueillir jusqu&rsquo;\u00e0 six personnes, la Casa del Taller offre une atmosph\u00e8re spacieuse et accueillante, parfaite pour les familles ou les groupes d&rsquo;amis.<\/p><p>La villa dispose de chambres spacieuses avec linge de lit inclus, garantissant un repos agr\u00e9able. Dans le salon, vous profiterez d&rsquo;une chaleureuse chemin\u00e9e \u00e0 bois pour les jours les plus frais et de l&rsquo;air conditionn\u00e9 pour les mois les plus chauds, cr\u00e9ant ainsi un espace confortable et agr\u00e9able. La cuisine est enti\u00e8rement \u00e9quip\u00e9e de tous les ustensiles n\u00e9cessaires \u00e0 la pr\u00e9paration de repas maison, ce qui vous permettra de savourer vos recettes pr\u00e9f\u00e9r\u00e9es pendant votre s\u00e9jour.<\/p><p>En outre, la Casa del Taller dispose d&rsquo;une salle de bains avec douche, adapt\u00e9e aux personnes \u00e0 mobilit\u00e9 r\u00e9duite, et des serviettes sont fournies pour votre confort. \u00c0 l&rsquo;ext\u00e9rieur, un charmant porche avec des tables et des chaises vous offre l&rsquo;endroit id\u00e9al pour prendre vos repas en plein air ou vous d\u00e9tendre tout en \u00e9tant entour\u00e9 d&rsquo;un magnifique environnement naturel.<\/p><p>Situ\u00e9e au c\u0153ur de notre camping, la Maison de l&rsquo;Atelier allie charme rustique et confort moderne. Profitez de la beaut\u00e9 et de la tranquillit\u00e9 de la Sierra de Aracena y Picos de Aroche dans un cadre unique qui fera de votre s\u00e9jour une exp\u00e9rience inoubliable.<\/p>\t\t\t\t\t\t\t\t<\/div>\n\t\t\t\t<\/div>\n\t\t\t\t<\/div>\n\t\t<div class=\"elementor-element elementor-element-11f5f39 e-con-full e-flex e-con e-child\" data-id=\"11f5f39\" data-element_type=\"container\">\n\t\t\t\t<div class=\"elementor-element elementor-element-f75320a elementor-widget elementor-widget-image\" data-id=\"f75320a\" data-element_type=\"widget\" data-widget_type=\"image.default\">\n\t\t\t\t<div class=\"elementor-widget-container\">\n\t\t\t\t\t\t\t\t\t\t\t\t\t\t\t<img decoding=\"async\" src=\"https:\/\/campingelmadronal.com\/wp-content\/uploads\/elementor\/thumbs\/IMG_7443-qrmjbj3q4q3dw6hpzmw9zdxlw7i0ufalq0eak5y2e8.jpeg\" title=\"IMG_7443\" alt=\"IMG_7443\" loading=\"lazy\" \/>\t\t\t\t\t\t\t\t\t\t\t\t\t\t\t<\/div>\n\t\t\t\t<\/div>\n\t\t\t\t<\/div>\n\t\t\t\t\t<\/div>\n\t\t\t\t<\/div>\n\t\t<div class=\"elementor-element elementor-element-1022f45 e-flex e-con-boxed e-con e-parent\" data-id=\"1022f45\" data-element_type=\"container\">\n\t\t\t\t\t<div class=\"e-con-inner\">\n\t\t\t\t<div class=\"elementor-element elementor-element-932b5ed elementor-widget elementor-widget-gallery\" data-id=\"932b5ed\" data-element_type=\"widget\" data-settings=\"{&quot;gallery_layout&quot;:&quot;justified&quot;,&quot;lazyload&quot;:&quot;yes&quot;,&quot;ideal_row_height&quot;:{&quot;unit&quot;:&quot;px&quot;,&quot;size&quot;:200,&quot;sizes&quot;:[]},&quot;ideal_row_height_tablet&quot;:{&quot;unit&quot;:&quot;px&quot;,&quot;size&quot;:150,&quot;sizes&quot;:[]},&quot;ideal_row_height_mobile&quot;:{&quot;unit&quot;:&quot;px&quot;,&quot;size&quot;:150,&quot;sizes&quot;:[]},&quot;gap&quot;:{&quot;unit&quot;:&quot;px&quot;,&quot;size&quot;:10,&quot;sizes&quot;:[]},&quot;gap_tablet&quot;:{&quot;unit&quot;:&quot;px&quot;,&quot;size&quot;:10,&quot;sizes&quot;:[]},&quot;gap_mobile&quot;:{&quot;unit&quot;:&quot;px&quot;,&quot;size&quot;:10,&quot;sizes&quot;:[]},&quot;link_to&quot;:&quot;file&quot;,&quot;overlay_background&quot;:&quot;yes&quot;,&quot;content_hover_animation&quot;:&quot;fade-in&quot;}\" data-widget_type=\"gallery.default\">\n\t\t\t\t<div class=\"elementor-widget-container\">\n\t\t\t\t\t\t\t<div class=\"elementor-gallery__container\">\n\t\t\t\t\t\t\t<a class=\"e-gallery-item elementor-gallery-item elementor-animated-content\" href=\"https:\/\/campingelmadronal.com\/wp-content\/uploads\/2025\/03\/IMG_8691.jpeg\" data-elementor-open-lightbox=\"yes\" data-elementor-lightbox-slideshow=\"932b5ed\" data-elementor-lightbox-title=\"IMG_8691\" data-e-action-hash=\"#elementor-action%3Aaction%3Dlightbox%26settings%3DeyJpZCI6NDAzMCwidXJsIjoiaHR0cHM6XC9cL2NhbXBpbmdlbG1hZHJvbmFsLmNvbVwvd3AtY29udGVudFwvdXBsb2Fkc1wvMjAyNVwvMDNcL0lNR184NjkxLmpwZWciLCJzbGlkZXNob3ciOiI5MzJiNWVkIn0%3D\">\n\t\t\t\t\t<div class=\"e-gallery-image elementor-gallery-item__image\" data-thumbnail=\"https:\/\/campingelmadronal.com\/wp-content\/uploads\/2025\/03\/IMG_8691.jpeg\" data-width=\"2048\" data-height=\"1536\" aria-label=\"\" role=\"img\" ><\/div>\n\t\t\t\t\t\t\t\t\t\t\t<div class=\"elementor-gallery-item__overlay\"><\/div>\n\t\t\t\t\t\t\t\t\t\t\t\t\t\t<\/a>\n\t\t\t\t\t\t\t<a class=\"e-gallery-item elementor-gallery-item elementor-animated-content\" href=\"https:\/\/campingelmadronal.com\/wp-content\/uploads\/2025\/03\/IMG_9685.jpeg\" data-elementor-open-lightbox=\"yes\" data-elementor-lightbox-slideshow=\"932b5ed\" data-elementor-lightbox-title=\"IMG_9685\" data-e-action-hash=\"#elementor-action%3Aaction%3Dlightbox%26settings%3DeyJpZCI6NDAzMywidXJsIjoiaHR0cHM6XC9cL2NhbXBpbmdlbG1hZHJvbmFsLmNvbVwvd3AtY29udGVudFwvdXBsb2Fkc1wvMjAyNVwvMDNcL0lNR185Njg1LmpwZWciLCJzbGlkZXNob3ciOiI5MzJiNWVkIn0%3D\">\n\t\t\t\t\t<div class=\"e-gallery-image elementor-gallery-item__image\" data-thumbnail=\"https:\/\/campingelmadronal.com\/wp-content\/uploads\/2025\/03\/IMG_9685.jpeg\" data-width=\"2140\" data-height=\"1468\" aria-label=\"\" role=\"img\" ><\/div>\n\t\t\t\t\t\t\t\t\t\t\t<div class=\"elementor-gallery-item__overlay\"><\/div>\n\t\t\t\t\t\t\t\t\t\t\t\t\t\t<\/a>\n\t\t\t\t\t\t\t<a class=\"e-gallery-item elementor-gallery-item elementor-animated-content\" href=\"https:\/\/campingelmadronal.com\/wp-content\/uploads\/2025\/03\/IMG_7437.jpeg\" data-elementor-open-lightbox=\"yes\" data-elementor-lightbox-slideshow=\"932b5ed\" data-elementor-lightbox-title=\"IMG_7437\" data-e-action-hash=\"#elementor-action%3Aaction%3Dlightbox%26settings%3DeyJpZCI6NDAyNywidXJsIjoiaHR0cHM6XC9cL2NhbXBpbmdlbG1hZHJvbmFsLmNvbVwvd3AtY29udGVudFwvdXBsb2Fkc1wvMjAyNVwvMDNcL0lNR183NDM3LmpwZWciLCJzbGlkZXNob3ciOiI5MzJiNWVkIn0%3D\">\n\t\t\t\t\t<div class=\"e-gallery-image elementor-gallery-item__image\" data-thumbnail=\"https:\/\/campingelmadronal.com\/wp-content\/uploads\/2025\/03\/IMG_7437.jpeg\" data-width=\"2086\" data-height=\"1508\" aria-label=\"\" role=\"img\" ><\/div>\n\t\t\t\t\t\t\t\t\t\t\t<div class=\"elementor-gallery-item__overlay\"><\/div>\n\t\t\t\t\t\t\t\t\t\t\t\t\t\t<\/a>\n\t\t\t\t\t<\/div>\n\t\t\t\t\t<\/div>\n\t\t\t\t<\/div>\n\t\t\t\t\t<\/div>\n\t\t\t\t<\/div>\n\t\t<div class=\"elementor-element elementor-element-ca214f0 e-flex e-con-boxed e-con e-parent\" data-id=\"ca214f0\" data-element_type=\"container\">\n\t\t\t\t\t<div class=\"e-con-inner\">\n\t\t\t\t\t<\/div>\n\t\t\t\t<\/div>\n\t\t\t\t<\/div>\n\t\t","protected":false},"excerpt":{"rendered":"<p>R\u00c9SERVER La Casa del Taller est une villa spacieuse et charmante, situ\u00e9e dans un cadre naturel \u00e0 l&rsquo;ombre de grands ch\u00e2taigniers. Cette retraite confortable est id\u00e9ale pour ceux qui recherchent un s\u00e9jour confortable et relaxant au c\u0153ur de la nature. Pouvant accueillir jusqu&rsquo;\u00e0 six personnes, la Casa del Taller offre une atmosph\u00e8re spacieuse et accueillante,&#8230;<\/p>\n","protected":false},"author":1,"featured_media":3745,"parent":0,"menu_order":0,"comment_status":"closed","ping_status":"closed","template":"","meta":{"_kad_post_transparent":"","_kad_post_title":"default","_kad_post_layout":"default","_kad_post_sidebar_id":"","_kad_post_content_style":"unboxed","_kad_post_vertical_padding":"hide","_kad_post_feature":"hide","_kad_post_feature_position":"","_kad_post_header":false,"_kad_post_footer":false,"_joinchat":[],"footnotes":""},"class_list":["post-2931","page","type-page","status-publish","has-post-thumbnail","hentry"],"_links":{"self":[{"href":"https:\/\/campingelmadronal.com\/fr\/wp-json\/wp\/v2\/pages\/2931","targetHints":{"allow":["GET"]}}],"collection":[{"href":"https:\/\/campingelmadronal.com\/fr\/wp-json\/wp\/v2\/pages"}],"about":[{"href":"https:\/\/campingelmadronal.com\/fr\/wp-json\/wp\/v2\/types\/page"}],"author":[{"embeddable":true,"href":"https:\/\/campingelmadronal.com\/fr\/wp-json\/wp\/v2\/users\/1"}],"replies":[{"embeddable":true,"href":"https:\/\/campingelmadronal.com\/fr\/wp-json\/wp\/v2\/comments?post=2931"}],"version-history":[{"count":17,"href":"https:\/\/campingelmadronal.com\/fr\/wp-json\/wp\/v2\/pages\/2931\/revisions"}],"predecessor-version":[{"id":4038,"href":"https:\/\/campingelmadronal.com\/fr\/wp-json\/wp\/v2\/pages\/2931\/revisions\/4038"}],"wp:featuredmedia":[{"embeddable":true,"href":"https:\/\/campingelmadronal.com\/fr\/wp-json\/wp\/v2\/media\/3745"}],"wp:attachment":[{"href":"https:\/\/campingelmadronal.com\/fr\/wp-json\/wp\/v2\/media?parent=2931"}],"curies":[{"name":"wp","href":"https:\/\/api.w.org\/{rel}","templated":true}]}}