{"id":2923,"date":"2023-12-15T10:29:07","date_gmt":"2023-12-15T10:29:07","guid":{"rendered":"https:\/\/campingelmadronal.com\/casa-del-castano\/"},"modified":"2025-03-22T16:56:20","modified_gmt":"2025-03-22T16:56:20","slug":"maison-du-chataignier","status":"publish","type":"page","link":"https:\/\/campingelmadronal.com\/fr\/maison-du-chataignier\/","title":{"rendered":"Casa del Casta\u00f1o"},"content":{"rendered":"\t\t<div data-elementor-type=\"wp-page\" data-elementor-id=\"2923\" class=\"elementor elementor-2923 elementor-1310\" data-elementor-post-type=\"page\">\n\t\t\t\t<div class=\"elementor-element elementor-element-f34a58c e-flex e-con-boxed e-con e-parent\" data-id=\"f34a58c\" data-element_type=\"container\">\n\t\t\t\t\t<div class=\"e-con-inner\">\n\t\t\t\t<div class=\"elementor-element elementor-element-0cc5697 elementor-align-center elementor-widget elementor-widget-button\" data-id=\"0cc5697\" data-element_type=\"widget\" data-widget_type=\"button.default\">\n\t\t\t\t<div class=\"elementor-widget-container\">\n\t\t\t\t\t\t\t\t\t<div class=\"elementor-button-wrapper\">\n\t\t\t\t\t<a class=\"elementor-button elementor-button-link elementor-size-sm\" href=\"https:\/\/campingelmadronal.com\/fr\/reservations\/\">\n\t\t\t\t\t\t<span class=\"elementor-button-content-wrapper\">\n\t\t\t\t\t\t\t\t\t<span class=\"elementor-button-text\">R\u00c9SERVER<\/span>\n\t\t\t\t\t<\/span>\n\t\t\t\t\t<\/a>\n\t\t\t\t<\/div>\n\t\t\t\t\t\t\t\t<\/div>\n\t\t\t\t<\/div>\n\t\t\t\t\t<\/div>\n\t\t\t\t<\/div>\n\t\t<div class=\"elementor-element elementor-element-2728c12 e-flex e-con-boxed e-con e-parent\" data-id=\"2728c12\" data-element_type=\"container\">\n\t\t\t\t\t<div class=\"e-con-inner\">\n\t\t<div class=\"elementor-element elementor-element-a7fee43 e-con-full e-flex e-con e-child\" data-id=\"a7fee43\" data-element_type=\"container\">\n\t\t\t\t<div class=\"elementor-element elementor-element-e8a27cf elementor-widget__width-initial elementor-widget elementor-widget-text-editor\" data-id=\"e8a27cf\" data-element_type=\"widget\" data-widget_type=\"text-editor.default\">\n\t\t\t\t<div class=\"elementor-widget-container\">\n\t\t\t\t\t\t\t\t\t<p>La Casa del Casta\u00f1o est une charmante villa nich\u00e9e \u00e0 l&rsquo;ombre de majestueux ch\u00e2taigniers, offrant une retraite paisible et confortable au c\u0153ur de la nature. Pouvant accueillir jusqu&rsquo;\u00e0 cinq personnes, cette maison est id\u00e9ale pour ceux qui recherchent un s\u00e9jour confortable et serein. Ses chambres spacieuses sont \u00e9quip\u00e9es de linge de lit, garantissant un repos r\u00e9parateur.<\/p><p>Dans le salon, vous profiterez de la chaleur d&rsquo;une chemin\u00e9e \u00e0 bois pour les nuits fra\u00eeches et de l&rsquo;air conditionn\u00e9 pour les journ\u00e9es chaudes, le tout dans une atmosph\u00e8re confortable et relaxante. La cuisine est enti\u00e8rement \u00e9quip\u00e9e avec tous les ustensiles n\u00e9cessaires pour pr\u00e9parer de d\u00e9licieux repas maison. De plus, la villa dispose d&rsquo;une salle de bain avec douche adapt\u00e9e aux personnes \u00e0 mobilit\u00e9 r\u00e9duite et des serviettes sont fournies pour votre confort.<\/p><p>\u00c0 l&rsquo;ext\u00e9rieur, le porche avec table et chaises vous invite \u00e0 prendre vos repas en plein air ou simplement \u00e0 vous d\u00e9tendre en contemplant la nature environnante.<\/p><p>Situ\u00e9e au c\u0153ur de notre camping, la Casa del Casta\u00f1o allie charme rustique et confort moderne, vous permettant de profiter de la beaut\u00e9 de la Sierra de Aracena et des Pics d&rsquo;Aroche dans un environnement unique et naturel qui fera de votre s\u00e9jour une exp\u00e9rience inoubliable.<\/p>\t\t\t\t\t\t\t\t<\/div>\n\t\t\t\t<\/div>\n\t\t\t\t<\/div>\n\t\t<div class=\"elementor-element elementor-element-658ef7c e-con-full e-flex e-con e-child\" data-id=\"658ef7c\" data-element_type=\"container\">\n\t\t\t\t<div class=\"elementor-element elementor-element-a9f6699 elementor-widget elementor-widget-image\" data-id=\"a9f6699\" data-element_type=\"widget\" data-widget_type=\"image.default\">\n\t\t\t\t<div class=\"elementor-widget-container\">\n\t\t\t\t\t\t\t\t\t\t\t\t\t\t\t<img decoding=\"async\" src=\"https:\/\/campingelmadronal.com\/wp-content\/uploads\/elementor\/thumbs\/salon-qotffxsisu8w9l00ta3hq9fvnf962q2sc1pbkzq36o.jpg\" title=\"salon\" alt=\"salon\" loading=\"lazy\" \/>\t\t\t\t\t\t\t\t\t\t\t\t\t\t\t<\/div>\n\t\t\t\t<\/div>\n\t\t\t\t<\/div>\n\t\t\t\t\t<\/div>\n\t\t\t\t<\/div>\n\t\t<div class=\"elementor-element elementor-element-2963e21 e-flex e-con-boxed e-con e-parent\" data-id=\"2963e21\" data-element_type=\"container\">\n\t\t\t\t\t<div class=\"e-con-inner\">\n\t\t\t\t<div class=\"elementor-element elementor-element-6397059 elementor-widget elementor-widget-image-gallery\" data-id=\"6397059\" data-element_type=\"widget\" data-widget_type=\"image-gallery.default\">\n\t\t\t\t<div class=\"elementor-widget-container\">\n\t\t\t\t\t\t\t<div class=\"elementor-image-gallery\">\n\t\t\t<div id='gallery-1' class='gallery galleryid-2923 gallery-columns-3 gallery-size-medium_large'><figure class='gallery-item'>\n\t\t\t<div class='gallery-icon landscape'>\n\t\t\t\t<a data-elementor-open-lightbox=\"yes\" data-elementor-lightbox-slideshow=\"6397059\" data-elementor-lightbox-title=\"IMG_6197\" data-e-action-hash=\"#elementor-action%3Aaction%3Dlightbox%26settings%3DeyJpZCI6Mjc5MiwidXJsIjoiaHR0cHM6XC9cL2NhbXBpbmdlbG1hZHJvbmFsLmNvbVwvd3AtY29udGVudFwvdXBsb2Fkc1wvMjAyNFwvMDVcL0lNR182MTk3LmpwZWciLCJzbGlkZXNob3ciOiI2Mzk3MDU5In0%3D\" href='https:\/\/campingelmadronal.com\/wp-content\/uploads\/2024\/05\/IMG_6197.jpeg'><img fetchpriority=\"high\" decoding=\"async\" width=\"768\" height=\"576\" src=\"https:\/\/campingelmadronal.com\/wp-content\/uploads\/2024\/05\/IMG_6197-768x576.jpeg\" class=\"attachment-medium_large size-medium_large\" alt=\"\" srcset=\"https:\/\/campingelmadronal.com\/wp-content\/uploads\/2024\/05\/IMG_6197-768x576.jpeg 768w, https:\/\/campingelmadronal.com\/wp-content\/uploads\/2024\/05\/IMG_6197-300x225.jpeg 300w, https:\/\/campingelmadronal.com\/wp-content\/uploads\/2024\/05\/IMG_6197.jpeg 1024w\" sizes=\"(max-width: 768px) 100vw, 768px\" \/><\/a>\n\t\t\t<\/div><\/figure><figure class='gallery-item'>\n\t\t\t<div class='gallery-icon landscape'>\n\t\t\t\t<a data-elementor-open-lightbox=\"yes\" data-elementor-lightbox-slideshow=\"6397059\" data-elementor-lightbox-title=\"IMG_7377\" data-e-action-hash=\"#elementor-action%3Aaction%3Dlightbox%26settings%3DeyJpZCI6Mzg0OCwidXJsIjoiaHR0cHM6XC9cL2NhbXBpbmdlbG1hZHJvbmFsLmNvbVwvd3AtY29udGVudFwvdXBsb2Fkc1wvMjAyNFwvMDlcL0lNR183Mzc3LmpwZWciLCJzbGlkZXNob3ciOiI2Mzk3MDU5In0%3D\" href='https:\/\/campingelmadronal.com\/wp-content\/uploads\/2024\/09\/IMG_7377.jpeg'><img decoding=\"async\" width=\"768\" height=\"576\" src=\"https:\/\/campingelmadronal.com\/wp-content\/uploads\/2024\/09\/IMG_7377-768x576.jpeg\" class=\"attachment-medium_large size-medium_large\" alt=\"\" srcset=\"https:\/\/campingelmadronal.com\/wp-content\/uploads\/2024\/09\/IMG_7377-768x576.jpeg 768w, https:\/\/campingelmadronal.com\/wp-content\/uploads\/2024\/09\/IMG_7377-300x225.jpeg 300w, https:\/\/campingelmadronal.com\/wp-content\/uploads\/2024\/09\/IMG_7377-1024x768.jpeg 1024w, https:\/\/campingelmadronal.com\/wp-content\/uploads\/2024\/09\/IMG_7377-1536x1152.jpeg 1536w, https:\/\/campingelmadronal.com\/wp-content\/uploads\/2024\/09\/IMG_7377.jpeg 2048w\" sizes=\"(max-width: 768px) 100vw, 768px\" \/><\/a>\n\t\t\t<\/div><\/figure><figure class='gallery-item'>\n\t\t\t<div class='gallery-icon landscape'>\n\t\t\t\t<a data-elementor-open-lightbox=\"yes\" data-elementor-lightbox-slideshow=\"6397059\" data-elementor-lightbox-title=\"IMG_8688\" data-e-action-hash=\"#elementor-action%3Aaction%3Dlightbox%26settings%3DeyJpZCI6NDA0NCwidXJsIjoiaHR0cHM6XC9cL2NhbXBpbmdlbG1hZHJvbmFsLmNvbVwvd3AtY29udGVudFwvdXBsb2Fkc1wvMjAyNVwvMDNcL0lNR184Njg4LmpwZWciLCJzbGlkZXNob3ciOiI2Mzk3MDU5In0%3D\" href='https:\/\/campingelmadronal.com\/wp-content\/uploads\/2025\/03\/IMG_8688.jpeg'><img decoding=\"async\" width=\"768\" height=\"581\" src=\"https:\/\/campingelmadronal.com\/wp-content\/uploads\/2025\/03\/IMG_8688-768x581.jpeg\" class=\"attachment-medium_large size-medium_large\" alt=\"\" srcset=\"https:\/\/campingelmadronal.com\/wp-content\/uploads\/2025\/03\/IMG_8688-768x581.jpeg 768w, https:\/\/campingelmadronal.com\/wp-content\/uploads\/2025\/03\/IMG_8688-300x227.jpeg 300w, https:\/\/campingelmadronal.com\/wp-content\/uploads\/2025\/03\/IMG_8688-1024x774.jpeg 1024w, https:\/\/campingelmadronal.com\/wp-content\/uploads\/2025\/03\/IMG_8688-1536x1161.jpeg 1536w, https:\/\/campingelmadronal.com\/wp-content\/uploads\/2025\/03\/IMG_8688.jpeg 2040w\" sizes=\"(max-width: 768px) 100vw, 768px\" \/><\/a>\n\t\t\t<\/div><\/figure>\n\t\t<\/div>\n\t\t<\/div>\n\t\t\t\t\t\t<\/div>\n\t\t\t\t<\/div>\n\t\t\t\t\t<\/div>\n\t\t\t\t<\/div>\n\t\t<div class=\"elementor-element elementor-element-2d9b85d e-flex e-con-boxed e-con e-parent\" data-id=\"2d9b85d\" data-element_type=\"container\">\n\t\t\t\t\t<div class=\"e-con-inner\">\n\t\t\t\t\t<\/div>\n\t\t\t\t<\/div>\n\t\t\t\t<\/div>\n\t\t","protected":false},"excerpt":{"rendered":"<p>R\u00c9SERVER La Casa del Casta\u00f1o est une charmante villa nich\u00e9e \u00e0 l&rsquo;ombre de majestueux ch\u00e2taigniers, offrant une retraite paisible et confortable au c\u0153ur de la nature. Pouvant accueillir jusqu&rsquo;\u00e0 cinq personnes, cette maison est id\u00e9ale pour ceux qui recherchent un s\u00e9jour confortable et serein. Ses chambres spacieuses sont \u00e9quip\u00e9es de linge de lit, garantissant un&#8230;<\/p>\n","protected":false},"author":1,"featured_media":3739,"parent":0,"menu_order":0,"comment_status":"closed","ping_status":"closed","template":"","meta":{"_kad_post_transparent":"","_kad_post_title":"default","_kad_post_layout":"default","_kad_post_sidebar_id":"","_kad_post_content_style":"unboxed","_kad_post_vertical_padding":"hide","_kad_post_feature":"hide","_kad_post_feature_position":"","_kad_post_header":false,"_kad_post_footer":false,"_joinchat":[],"footnotes":""},"class_list":["post-2923","page","type-page","status-publish","has-post-thumbnail","hentry"],"_links":{"self":[{"href":"https:\/\/campingelmadronal.com\/fr\/wp-json\/wp\/v2\/pages\/2923","targetHints":{"allow":["GET"]}}],"collection":[{"href":"https:\/\/campingelmadronal.com\/fr\/wp-json\/wp\/v2\/pages"}],"about":[{"href":"https:\/\/campingelmadronal.com\/fr\/wp-json\/wp\/v2\/types\/page"}],"author":[{"embeddable":true,"href":"https:\/\/campingelmadronal.com\/fr\/wp-json\/wp\/v2\/users\/1"}],"replies":[{"embeddable":true,"href":"https:\/\/campingelmadronal.com\/fr\/wp-json\/wp\/v2\/comments?post=2923"}],"version-history":[{"count":23,"href":"https:\/\/campingelmadronal.com\/fr\/wp-json\/wp\/v2\/pages\/2923\/revisions"}],"predecessor-version":[{"id":4047,"href":"https:\/\/campingelmadronal.com\/fr\/wp-json\/wp\/v2\/pages\/2923\/revisions\/4047"}],"wp:featuredmedia":[{"embeddable":true,"href":"https:\/\/campingelmadronal.com\/fr\/wp-json\/wp\/v2\/media\/3739"}],"wp:attachment":[{"href":"https:\/\/campingelmadronal.com\/fr\/wp-json\/wp\/v2\/media?parent=2923"}],"curies":[{"name":"wp","href":"https:\/\/api.w.org\/{rel}","templated":true}]}}